{"id":5130,"date":"2018-10-10T20:21:29","date_gmt":"2018-10-11T01:21:29","guid":{"rendered":"https:\/\/www.havenforhope.org\/acerca-de\/"},"modified":"2022-09-13T11:08:12","modified_gmt":"2022-09-13T16:08:12","slug":"acerca-de","status":"publish","type":"page","link":"https:\/\/www.havenforhope.org\/es\/acerca-de\/","title":{"rendered":"Acerca de"},"content":{"rendered":"\t\t<div data-elementor-type=\"wp-post\" data-elementor-id=\"5130\" class=\"elementor elementor-5130 elementor-39\" data-elementor-post-type=\"page\">\n\t\t\t\t\t\t<section class=\"elementor-section elementor-top-section elementor-element elementor-element-593e79b9 elementor-section-boxed elementor-section-height-default elementor-section-height-default\" data-id=\"593e79b9\" data-element_type=\"section\" data-e-type=\"section\" id=\"content-container\" data-settings=\"{&quot;background_background&quot;:&quot;classic&quot;,&quot;jet_parallax_layout_list&quot;:[]}\">\n\t\t\t\t\t\t<div class=\"elementor-container elementor-column-gap-default\">\n\t\t\t\t\t<div class=\"elementor-column elementor-col-100 elementor-top-column elementor-element elementor-element-432a1ad4\" data-id=\"432a1ad4\" data-element_type=\"column\" data-e-type=\"column\">\n\t\t\t<div class=\"elementor-widget-wrap elementor-element-populated\">\n\t\t\t\t\t\t<section class=\"elementor-section elementor-inner-section elementor-element elementor-element-ab42ddc elementor-section-boxed elementor-section-height-default elementor-section-height-default\" data-id=\"ab42ddc\" data-element_type=\"section\" data-e-type=\"section\" data-settings=\"{&quot;jet_parallax_layout_list&quot;:[]}\">\n\t\t\t\t\t\t<div class=\"elementor-container elementor-column-gap-default\">\n\t\t\t\t\t<div class=\"elementor-column elementor-col-100 elementor-inner-column elementor-element elementor-element-4d7d5d1e\" data-id=\"4d7d5d1e\" data-element_type=\"column\" data-e-type=\"column\">\n\t\t\t<div class=\"elementor-widget-wrap elementor-element-populated\">\n\t\t\t\t\t\t<div class=\"elementor-element elementor-element-34840f72 elementor-widget elementor-widget-heading\" data-id=\"34840f72\" data-element_type=\"widget\" data-e-type=\"widget\" data-widget_type=\"heading.default\">\n\t\t\t\t<div class=\"elementor-widget-container\">\n\t\t\t\t\t<h2 class=\"elementor-heading-title elementor-size-default\">Nuestros valores fundamentales<\/h2>\t\t\t\t<\/div>\n\t\t\t\t<\/div>\n\t\t\t\t<div class=\"elementor-element elementor-element-2dd48409 elementor-widget elementor-widget-text-editor\" data-id=\"2dd48409\" data-element_type=\"widget\" data-e-type=\"widget\" data-widget_type=\"text-editor.default\">\n\t\t\t\t<div class=\"elementor-widget-container\">\n\t\t\t\t\t\t\t\t\t<p><strong>Compasi\u00f3n Radical &#8211; Tenemos coraz\u00f3n<\/strong><br \/>[Mostramos respeto, amabilidad y paciencia en la forma en que hablamos, vemos y servimos]<\/p>\n<p><strong>Liderazgo de servicio &#8211; <em data-redactor-tag=\"em\">Nosotros antes que yo<\/em><\/strong><br \/>[We model our mission by putting others first]<\/p>\n<p><strong>Impulsados por la esperanza &#8211; <em data-redactor-tag=\"em\">\u00a1Somos gente de posibilidades!<\/em><\/strong><br \/>[We act as pioneers and embrace innovation]<\/p>\n<p><strong>B\u00fasqueda de la Excelencia &#8211; <em data-redactor-tag=\"em\">No nos conformamos<\/em><\/strong><br \/>[We seek the very best in our work and relationships]<\/p>\n\t\t\t\t\t\t\t\t<\/div>\n\t\t\t\t<\/div>\n\t\t\t\t<div class=\"elementor-element elementor-element-759a1067 elementor-widget-divider--view-line elementor-widget elementor-widget-divider\" data-id=\"759a1067\" data-element_type=\"widget\" data-e-type=\"widget\" data-widget_type=\"divider.default\">\n\t\t\t\t<div class=\"elementor-widget-container\">\n\t\t\t\t\t\t\t<div class=\"elementor-divider\">\n\t\t\t<span class=\"elementor-divider-separator\">\n\t\t\t\t\t\t<\/span>\n\t\t<\/div>\n\t\t\t\t\t\t<\/div>\n\t\t\t\t<\/div>\n\t\t\t\t<div class=\"elementor-element elementor-element-7d242134 elementor-widget elementor-widget-heading\" data-id=\"7d242134\" data-element_type=\"widget\" data-e-type=\"widget\" id=\"our-approach\" data-widget_type=\"heading.default\">\n\t\t\t\t<div class=\"elementor-widget-container\">\n\t\t\t\t\t<h2 class=\"elementor-heading-title elementor-size-default\">Valores y enfoque<\/h2>\t\t\t\t<\/div>\n\t\t\t\t<\/div>\n\t\t\t\t<div class=\"elementor-element elementor-element-3f57b4a3 elementor-widget elementor-widget-text-editor\" data-id=\"3f57b4a3\" data-element_type=\"widget\" data-e-type=\"widget\" data-widget_type=\"text-editor.default\">\n\t\t\t\t<div class=\"elementor-widget-container\">\n\t\t\t\t\t\t\t\t\t<p>Haven for Hope y nuestros socios abordan las causas fundamentales de la falta de vivienda al ofrecer programaci\u00f3n adaptada a las necesidades espec\u00edficas del individuo. Nuestro enfoque est\u00e1 centrado en la persona, informado sobre el trauma y orientado a la recuperaci\u00f3n. El objetivo es conocer a las personas donde est\u00e1n y apoyarlas a medida que avanzan hacia un camino de vida estable.<\/p>\n\t\t\t\t\t\t\t\t<\/div>\n\t\t\t\t<\/div>\n\t\t\t\t<div class=\"elementor-element elementor-element-22cd51fa elementor-widget elementor-widget-text-editor\" data-id=\"22cd51fa\" data-element_type=\"widget\" data-e-type=\"widget\" data-widget_type=\"text-editor.default\">\n\t\t\t\t<div class=\"elementor-widget-container\">\n\t\t\t\t\t\t\t\t\t<p> Descargue el folleto Haven for Hope <a style=\"background-color: #ffffff; font-size: 1rem;\" href=\"https:\/\/www.havenforhope.org\/wp-content\/uploads\/2018\/11\/H4H_Tri_Fold_MAY2018.pdf\" target=\"_blank\" rel=\"noopener\">aqu\u00ed<\/a><\/p>\n\t\t\t\t\t\t\t\t<\/div>\n\t\t\t\t<\/div>\n\t\t\t\t<div class=\"elementor-element elementor-element-45fd7dd elementor-widget-divider--view-line elementor-widget elementor-widget-divider\" data-id=\"45fd7dd\" data-element_type=\"widget\" data-e-type=\"widget\" data-widget_type=\"divider.default\">\n\t\t\t\t<div class=\"elementor-widget-container\">\n\t\t\t\t\t\t\t<div class=\"elementor-divider\">\n\t\t\t<span class=\"elementor-divider-separator\">\n\t\t\t\t\t\t<\/span>\n\t\t<\/div>\n\t\t\t\t\t\t<\/div>\n\t\t\t\t<\/div>\n\t\t\t\t\t<\/div>\n\t\t<\/div>\n\t\t\t\t\t<\/div>\n\t\t<\/section>\n\t\t\t\t<div class=\"elementor-element elementor-element-07bd37f elementor-widget elementor-widget-text-editor\" data-id=\"07bd37f\" data-element_type=\"widget\" data-e-type=\"widget\" data-widget_type=\"text-editor.default\">\n\t\t\t\t<div class=\"elementor-widget-container\">\n\t\t\t\t\t\t\t\t\t<p>Haven for Hope es un campus inclusivo. No discriminamos, en la admisi\u00f3n a nuestro Campus o la prestaci\u00f3n de servicios, por motivos de raza, color, religi\u00f3n, origen nacional, sexo, orientaci\u00f3n sexual, identidad de g\u00e9nero, condici\u00f3n de veterano, edad o discapacidad. Tambi\u00e9n somos un empleador que ofrece igualdad de oportunidades. A ning\u00fan empleado o posible empleado de Haven for Hope se le negar\u00e1 el empleo o una promoci\u00f3n debido a su raza, color, religi\u00f3n, discapacidad, sexo, orientaci\u00f3n sexual, identidad de g\u00e9nero, condici\u00f3n de veterano, edad u origen nacional.<\/p>\n\t\t\t\t\t\t\t\t<\/div>\n\t\t\t\t<\/div>\n\t\t\t\t<div class=\"elementor-element elementor-element-1610bd9 elementor-widget elementor-widget-spacer\" data-id=\"1610bd9\" data-element_type=\"widget\" data-e-type=\"widget\" data-widget_type=\"spacer.default\">\n\t\t\t\t<div class=\"elementor-widget-container\">\n\t\t\t\t\t\t\t<div class=\"elementor-spacer\">\n\t\t\t<div class=\"elementor-spacer-inner\"><\/div>\n\t\t<\/div>\n\t\t\t\t\t\t<\/div>\n\t\t\t\t<\/div>\n\t\t\t\t\t<\/div>\n\t\t<\/div>\n\t\t\t\t\t<\/div>\n\t\t<\/section>\n\t\t\t\t<\/div>\n\t\t","protected":false},"excerpt":{"rendered":"<p>Nuestros valores fundamentales Compasi\u00f3n Radical &#8211; Tenemos coraz\u00f3n[Mostramos respeto, amabilidad y paciencia en la forma en que hablamos, vemos y servimos] Liderazgo de servicio &#8211; Nosotros antes que yo[We model &hellip; <\/p>\n<p class=\"link-more\"><a href=\"https:\/\/www.havenforhope.org\/es\/acerca-de\/\" class=\"more-link\">Continuar leyendo<span class=\"screen-reader-text\"> \u00abAcerca de\u00bb<\/span><\/a><\/p>\n","protected":false},"author":25,"featured_media":0,"parent":0,"menu_order":0,"comment_status":"closed","ping_status":"closed","template":"elementor_header_footer","meta":{"_acf_changed":false,"inline_featured_image":false,"footnotes":"","_links_to":"","_links_to_target":""},"class_list":["post-5130","page","type-page","status-publish","hentry"],"acf":[],"yoast_head":"<!-- This site is optimized with the Yoast SEO plugin v27.2 - https:\/\/yoast.com\/product\/yoast-seo-wordpress\/ -->\n<title>Acerca de - Haven For Hope<\/title>\n<meta name=\"robots\" content=\"index, follow, max-snippet:-1, max-image-preview:large, max-video-preview:-1\" \/>\n<link rel=\"canonical\" href=\"https:\/\/www.havenforhope.org\/es\/acerca-de\/\" \/>\n<meta property=\"og:locale\" content=\"es_ES\" \/>\n<meta property=\"og:type\" content=\"article\" \/>\n<meta property=\"og:title\" content=\"Acerca de - Haven For Hope\" \/>\n<meta property=\"og:description\" content=\"Nuestros valores fundamentales Compasi\u00f3n Radical &#8211; Tenemos coraz\u00f3n[Mostramos respeto, amabilidad y paciencia en la forma en que hablamos, vemos y servimos] Liderazgo de servicio &#8211; Nosotros antes que yo[We model &hellip; Continuar leyendo &quot;Acerca de&quot;\" \/>\n<meta property=\"og:url\" content=\"https:\/\/www.havenforhope.org\/es\/acerca-de\/\" \/>\n<meta property=\"og:site_name\" content=\"Haven For Hope\" \/>\n<meta property=\"article:modified_time\" content=\"2022-09-13T16:08:12+00:00\" \/>\n<meta name=\"twitter:card\" content=\"summary_large_image\" \/>\n<meta name=\"twitter:label1\" content=\"Tiempo de lectura\" \/>\n\t<meta name=\"twitter:data1\" content=\"1 minuto\" \/>\n<script type=\"application\/ld+json\" class=\"yoast-schema-graph\">{\"@context\":\"https:\/\/schema.org\",\"@graph\":[{\"@type\":\"WebPage\",\"@id\":\"https:\/\/www.havenforhope.org\/es\/acerca-de\/\",\"url\":\"https:\/\/www.havenforhope.org\/es\/acerca-de\/\",\"name\":\"Acerca de - Haven For Hope\",\"isPartOf\":{\"@id\":\"https:\/\/www.havenforhope.org\/es\/#website\"},\"datePublished\":\"2018-10-11T01:21:29+00:00\",\"dateModified\":\"2022-09-13T16:08:12+00:00\",\"breadcrumb\":{\"@id\":\"https:\/\/www.havenforhope.org\/es\/acerca-de\/#breadcrumb\"},\"inLanguage\":\"es\",\"potentialAction\":[{\"@type\":\"ReadAction\",\"target\":[\"https:\/\/www.havenforhope.org\/es\/acerca-de\/\"]}]},{\"@type\":\"BreadcrumbList\",\"@id\":\"https:\/\/www.havenforhope.org\/es\/acerca-de\/#breadcrumb\",\"itemListElement\":[{\"@type\":\"ListItem\",\"position\":1,\"name\":\"Home\",\"item\":\"https:\/\/www.havenforhope.org\/es\/casa\/\"},{\"@type\":\"ListItem\",\"position\":2,\"name\":\"Acerca de\"}]},{\"@type\":\"WebSite\",\"@id\":\"https:\/\/www.havenforhope.org\/es\/#website\",\"url\":\"https:\/\/www.havenforhope.org\/es\/\",\"name\":\"Haven For Hope\",\"description\":\"More than a Shelter, it is a Transformational Campus.\",\"publisher\":{\"@id\":\"https:\/\/www.havenforhope.org\/es\/#organization\"},\"potentialAction\":[{\"@type\":\"SearchAction\",\"target\":{\"@type\":\"EntryPoint\",\"urlTemplate\":\"https:\/\/www.havenforhope.org\/es\/?s={search_term_string}\"},\"query-input\":{\"@type\":\"PropertyValueSpecification\",\"valueRequired\":true,\"valueName\":\"search_term_string\"}}],\"inLanguage\":\"es\"},{\"@type\":\"Organization\",\"@id\":\"https:\/\/www.havenforhope.org\/es\/#organization\",\"name\":\"Haven For Hope\",\"url\":\"https:\/\/www.havenforhope.org\/es\/\",\"logo\":{\"@type\":\"ImageObject\",\"inLanguage\":\"es\",\"@id\":\"https:\/\/www.havenforhope.org\/es\/#\/schema\/logo\/image\/\",\"url\":\"https:\/\/www.havenforhope.org\/wp-content\/uploads\/2018\/10\/hope-blue.png\",\"contentUrl\":\"https:\/\/www.havenforhope.org\/wp-content\/uploads\/2018\/10\/hope-blue.png\",\"width\":797,\"height\":587,\"caption\":\"Haven For Hope\"},\"image\":{\"@id\":\"https:\/\/www.havenforhope.org\/es\/#\/schema\/logo\/image\/\"}}]}<\/script>\n<!-- \/ Yoast SEO plugin. -->","yoast_head_json":{"title":"Acerca de - Haven For Hope","robots":{"index":"index","follow":"follow","max-snippet":"max-snippet:-1","max-image-preview":"max-image-preview:large","max-video-preview":"max-video-preview:-1"},"canonical":"https:\/\/www.havenforhope.org\/es\/acerca-de\/","og_locale":"es_ES","og_type":"article","og_title":"Acerca de - Haven For Hope","og_description":"Nuestros valores fundamentales Compasi\u00f3n Radical &#8211; Tenemos coraz\u00f3n[Mostramos respeto, amabilidad y paciencia en la forma en que hablamos, vemos y servimos] Liderazgo de servicio &#8211; Nosotros antes que yo[We model &hellip; Continuar leyendo \"Acerca de\"","og_url":"https:\/\/www.havenforhope.org\/es\/acerca-de\/","og_site_name":"Haven For Hope","article_modified_time":"2022-09-13T16:08:12+00:00","twitter_card":"summary_large_image","twitter_misc":{"Tiempo de lectura":"1 minuto"},"schema":{"@context":"https:\/\/schema.org","@graph":[{"@type":"WebPage","@id":"https:\/\/www.havenforhope.org\/es\/acerca-de\/","url":"https:\/\/www.havenforhope.org\/es\/acerca-de\/","name":"Acerca de - Haven For Hope","isPartOf":{"@id":"https:\/\/www.havenforhope.org\/es\/#website"},"datePublished":"2018-10-11T01:21:29+00:00","dateModified":"2022-09-13T16:08:12+00:00","breadcrumb":{"@id":"https:\/\/www.havenforhope.org\/es\/acerca-de\/#breadcrumb"},"inLanguage":"es","potentialAction":[{"@type":"ReadAction","target":["https:\/\/www.havenforhope.org\/es\/acerca-de\/"]}]},{"@type":"BreadcrumbList","@id":"https:\/\/www.havenforhope.org\/es\/acerca-de\/#breadcrumb","itemListElement":[{"@type":"ListItem","position":1,"name":"Home","item":"https:\/\/www.havenforhope.org\/es\/casa\/"},{"@type":"ListItem","position":2,"name":"Acerca de"}]},{"@type":"WebSite","@id":"https:\/\/www.havenforhope.org\/es\/#website","url":"https:\/\/www.havenforhope.org\/es\/","name":"Haven For Hope","description":"More than a Shelter, it is a Transformational Campus.","publisher":{"@id":"https:\/\/www.havenforhope.org\/es\/#organization"},"potentialAction":[{"@type":"SearchAction","target":{"@type":"EntryPoint","urlTemplate":"https:\/\/www.havenforhope.org\/es\/?s={search_term_string}"},"query-input":{"@type":"PropertyValueSpecification","valueRequired":true,"valueName":"search_term_string"}}],"inLanguage":"es"},{"@type":"Organization","@id":"https:\/\/www.havenforhope.org\/es\/#organization","name":"Haven For Hope","url":"https:\/\/www.havenforhope.org\/es\/","logo":{"@type":"ImageObject","inLanguage":"es","@id":"https:\/\/www.havenforhope.org\/es\/#\/schema\/logo\/image\/","url":"https:\/\/www.havenforhope.org\/wp-content\/uploads\/2018\/10\/hope-blue.png","contentUrl":"https:\/\/www.havenforhope.org\/wp-content\/uploads\/2018\/10\/hope-blue.png","width":797,"height":587,"caption":"Haven For Hope"},"image":{"@id":"https:\/\/www.havenforhope.org\/es\/#\/schema\/logo\/image\/"}}]}},"_links":{"self":[{"href":"https:\/\/www.havenforhope.org\/es\/wp-json\/wp\/v2\/pages\/5130","targetHints":{"allow":["GET"]}}],"collection":[{"href":"https:\/\/www.havenforhope.org\/es\/wp-json\/wp\/v2\/pages"}],"about":[{"href":"https:\/\/www.havenforhope.org\/es\/wp-json\/wp\/v2\/types\/page"}],"author":[{"embeddable":true,"href":"https:\/\/www.havenforhope.org\/es\/wp-json\/wp\/v2\/users\/25"}],"replies":[{"embeddable":true,"href":"https:\/\/www.havenforhope.org\/es\/wp-json\/wp\/v2\/comments?post=5130"}],"version-history":[{"count":0,"href":"https:\/\/www.havenforhope.org\/es\/wp-json\/wp\/v2\/pages\/5130\/revisions"}],"wp:attachment":[{"href":"https:\/\/www.havenforhope.org\/es\/wp-json\/wp\/v2\/media?parent=5130"}],"curies":[{"name":"wp","href":"https:\/\/api.w.org\/{rel}","templated":true}]}}