{"id":5193,"date":"2019-01-30T22:02:47","date_gmt":"2019-01-31T04:02:47","guid":{"rendered":"https:\/\/www.havenforhope.org\/acerca-de\/historia\/"},"modified":"2023-02-24T14:44:35","modified_gmt":"2023-02-24T20:44:35","slug":"historia","status":"publish","type":"page","link":"https:\/\/www.havenforhope.org\/es\/acerca-de\/historia\/","title":{"rendered":"Historia"},"content":{"rendered":"\t\t<div data-elementor-type=\"wp-post\" data-elementor-id=\"5193\" class=\"elementor elementor-5193 elementor-2037\" data-elementor-post-type=\"page\">\n\t\t\t\t\t\t<section class=\"elementor-section elementor-top-section elementor-element elementor-element-1b85612 elementor-hidden-phone elementor-section-boxed elementor-section-height-default elementor-section-height-default\" data-id=\"1b85612\" data-element_type=\"section\" data-e-type=\"section\" data-settings=\"{&quot;jet_parallax_layout_list&quot;:[]}\">\n\t\t\t\t\t\t<div class=\"elementor-container elementor-column-gap-default\">\n\t\t\t\t\t<div class=\"elementor-column elementor-col-100 elementor-top-column elementor-element elementor-element-7d48ef4\" data-id=\"7d48ef4\" data-element_type=\"column\" data-e-type=\"column\">\n\t\t\t<div class=\"elementor-widget-wrap elementor-element-populated\">\n\t\t\t\t\t\t<div class=\"elementor-element elementor-element-f920db3 elementor-widget elementor-widget-text-editor\" data-id=\"f920db3\" data-element_type=\"widget\" data-e-type=\"widget\" data-widget_type=\"text-editor.default\">\n\t\t\t\t<div class=\"elementor-widget-container\">\n\t\t\t\t\t\t\t\t\t<p>Celebraci\u00f3n de la gran inauguraci\u00f3n de Haven for Hope<\/p>\n\t\t\t\t\t\t\t\t<\/div>\n\t\t\t\t<\/div>\n\t\t\t\t\t<\/div>\n\t\t<\/div>\n\t\t\t\t\t<\/div>\n\t\t<\/section>\n\t\t\t\t<section class=\"elementor-section elementor-top-section elementor-element elementor-element-4d77b94 elementor-section-boxed elementor-section-height-default elementor-section-height-default\" data-id=\"4d77b94\" data-element_type=\"section\" data-e-type=\"section\" data-settings=\"{&quot;jet_parallax_layout_list&quot;:[]}\">\n\t\t\t\t\t\t<div class=\"elementor-container elementor-column-gap-default\">\n\t\t\t\t\t<div class=\"elementor-column elementor-col-100 elementor-top-column elementor-element elementor-element-7b125e5\" data-id=\"7b125e5\" data-element_type=\"column\" data-e-type=\"column\">\n\t\t\t<div class=\"elementor-widget-wrap elementor-element-populated\">\n\t\t\t\t\t\t<div class=\"elementor-element elementor-element-0d44e6c elementor-widget elementor-widget-heading\" data-id=\"0d44e6c\" data-element_type=\"widget\" data-e-type=\"widget\" data-widget_type=\"heading.default\">\n\t\t\t\t<div class=\"elementor-widget-container\">\n\t\t\t\t\t<h2 class=\"elementor-heading-title elementor-size-default\">Historia<\/h2>\t\t\t\t<\/div>\n\t\t\t\t<\/div>\n\t\t\t\t<div class=\"elementor-element elementor-element-302e440 elementor-widget elementor-widget-text-editor\" data-id=\"302e440\" data-element_type=\"widget\" data-e-type=\"widget\" data-widget_type=\"text-editor.default\">\n\t\t\t\t<div class=\"elementor-widget-container\">\n\t\t\t\t\t\t\t\t\t<p>El establecimiento del campus de Haven for Hope fue una respuesta directa a una necesidad comunitaria seria e insatisfecha. En 2006, el l\u00edder empresarial y c\u00edvico Bill Greehey reconoci\u00f3 el grave problema creciente de la falta de vivienda en el condado de Bexar. Con el apoyo de los l\u00edderes de la Ciudad, el Sr. Greehey comenz\u00f3 el esfuerzo de crear Haven for Hope como una organizaci\u00f3n independiente sin fines de lucro 501(c)3. El dise\u00f1o de \u201cuna parada\u201d de Haven for Hope naci\u00f3 despu\u00e9s de 18 meses de investigaci\u00f3n de m\u00e1s de 200 refugios para personas sin hogar en todo el pa\u00eds.<\/p><p><span style=\"font-size: 1rem;\">Antes de Haven for Hope, muchas organizaciones en San Antonio sirvieron a las personas sin hogar de alguna manera; sin embargo, sus servicios estaban geogr\u00e1ficamente distantes y administrativamente desconectados entre s\u00ed. Esta separaci\u00f3n de servicios afect\u00f3 a las personas sin hogar de muchas maneras. La falta de transporte confiable limitaba su acceso f\u00edsico a los servicios que estaban ubicados en toda la ciudad, y los tediosos procesos de papeleo a menudo se duplicaban entre las agencias que necesitaban recopilar la misma informaci\u00f3n. Al reunir a los proveedores de servicios, a trav\u00e9s de la ubicaci\u00f3n y la colaboraci\u00f3n, Haven for Hope mejor\u00f3 la accesibilidad y la eficiencia de los recursos, y elimin\u00f3 la burocracia que anteriormente obstaculizaba la capacidad de las personas sin hogar para obtener ayuda. <\/span><\/p><p>El campus entr\u00f3 en pleno funcionamiento en junio de 2010. El Sr. Greehey sigue siendo un participante activo en Haven for Hope y se desempe\u00f1a como Presidente de la Junta Directiva. Siempre estaremos en deuda con el Sr. Greehey por su impulso y visi\u00f3n.<\/p>\t\t\t\t\t\t\t\t<\/div>\n\t\t\t\t<\/div>\n\t\t\t\t\t<\/div>\n\t\t<\/div>\n\t\t\t\t\t<\/div>\n\t\t<\/section>\n\t\t\t\t<\/div>\n\t\t","protected":false},"excerpt":{"rendered":"<p>Celebraci\u00f3n de la gran inauguraci\u00f3n de Haven for Hope Historia El establecimiento del campus de Haven for Hope fue una respuesta directa a una necesidad comunitaria seria e insatisfecha. En &hellip; <\/p>\n<p class=\"link-more\"><a href=\"https:\/\/www.havenforhope.org\/es\/acerca-de\/historia\/\" class=\"more-link\">Continuar leyendo<span class=\"screen-reader-text\"> \u00abHistoria\u00bb<\/span><\/a><\/p>\n","protected":false},"author":25,"featured_media":4890,"parent":5130,"menu_order":0,"comment_status":"closed","ping_status":"closed","template":"elementor_header_footer","meta":{"_acf_changed":false,"inline_featured_image":false,"footnotes":"","_links_to":"","_links_to_target":""},"class_list":["post-5193","page","type-page","status-publish","has-post-thumbnail","hentry"],"acf":[],"yoast_head":"<!-- This site is optimized with the Yoast SEO plugin v27.2 - https:\/\/yoast.com\/product\/yoast-seo-wordpress\/ -->\n<title>Historia - Haven For Hope<\/title>\n<meta name=\"robots\" content=\"index, follow, max-snippet:-1, max-image-preview:large, max-video-preview:-1\" \/>\n<link rel=\"canonical\" href=\"https:\/\/www.havenforhope.org\/es\/acerca-de\/historia\/\" \/>\n<meta property=\"og:locale\" content=\"es_ES\" \/>\n<meta property=\"og:type\" content=\"article\" \/>\n<meta property=\"og:title\" content=\"Historia - Haven For Hope\" \/>\n<meta property=\"og:description\" content=\"Celebraci\u00f3n de la gran inauguraci\u00f3n de Haven for Hope Historia El establecimiento del campus de Haven for Hope fue una respuesta directa a una necesidad comunitaria seria e insatisfecha. En &hellip; Continuar leyendo &quot;Historia&quot;\" \/>\n<meta property=\"og:url\" content=\"https:\/\/www.havenforhope.org\/es\/acerca-de\/historia\/\" \/>\n<meta property=\"og:site_name\" content=\"Haven For Hope\" \/>\n<meta property=\"article:modified_time\" content=\"2023-02-24T20:44:35+00:00\" \/>\n<meta property=\"og:image\" content=\"https:\/\/www.havenforhope.org\/wp-content\/uploads\/2019\/09\/History_Photo-1.jpg\" \/>\n\t<meta property=\"og:image:width\" content=\"2048\" \/>\n\t<meta property=\"og:image:height\" content=\"512\" \/>\n\t<meta property=\"og:image:type\" content=\"image\/jpeg\" \/>\n<meta name=\"twitter:card\" content=\"summary_large_image\" \/>\n<meta name=\"twitter:label1\" content=\"Tiempo de lectura\" \/>\n\t<meta name=\"twitter:data1\" content=\"1 minuto\" \/>\n<script type=\"application\/ld+json\" class=\"yoast-schema-graph\">{\"@context\":\"https:\/\/schema.org\",\"@graph\":[{\"@type\":\"WebPage\",\"@id\":\"https:\/\/www.havenforhope.org\/es\/acerca-de\/historia\/\",\"url\":\"https:\/\/www.havenforhope.org\/es\/acerca-de\/historia\/\",\"name\":\"Historia - Haven For Hope\",\"isPartOf\":{\"@id\":\"https:\/\/www.havenforhope.org\/es\/#website\"},\"primaryImageOfPage\":{\"@id\":\"https:\/\/www.havenforhope.org\/es\/acerca-de\/historia\/#primaryimage\"},\"image\":{\"@id\":\"https:\/\/www.havenforhope.org\/es\/acerca-de\/historia\/#primaryimage\"},\"thumbnailUrl\":\"https:\/\/www.havenforhope.org\/wp-content\/uploads\/2019\/09\/History_Photo-1.jpg\",\"datePublished\":\"2019-01-31T04:02:47+00:00\",\"dateModified\":\"2023-02-24T20:44:35+00:00\",\"breadcrumb\":{\"@id\":\"https:\/\/www.havenforhope.org\/es\/acerca-de\/historia\/#breadcrumb\"},\"inLanguage\":\"es\",\"potentialAction\":[{\"@type\":\"ReadAction\",\"target\":[\"https:\/\/www.havenforhope.org\/es\/acerca-de\/historia\/\"]}]},{\"@type\":\"ImageObject\",\"inLanguage\":\"es\",\"@id\":\"https:\/\/www.havenforhope.org\/es\/acerca-de\/historia\/#primaryimage\",\"url\":\"https:\/\/www.havenforhope.org\/wp-content\/uploads\/2019\/09\/History_Photo-1.jpg\",\"contentUrl\":\"https:\/\/www.havenforhope.org\/wp-content\/uploads\/2019\/09\/History_Photo-1.jpg\",\"width\":2048,\"height\":512},{\"@type\":\"BreadcrumbList\",\"@id\":\"https:\/\/www.havenforhope.org\/es\/acerca-de\/historia\/#breadcrumb\",\"itemListElement\":[{\"@type\":\"ListItem\",\"position\":1,\"name\":\"Home\",\"item\":\"https:\/\/www.havenforhope.org\/es\/casa\/\"},{\"@type\":\"ListItem\",\"position\":2,\"name\":\"Acerca de\",\"item\":\"https:\/\/www.havenforhope.org\/es\/acerca-de\/\"},{\"@type\":\"ListItem\",\"position\":3,\"name\":\"Historia\"}]},{\"@type\":\"WebSite\",\"@id\":\"https:\/\/www.havenforhope.org\/es\/#website\",\"url\":\"https:\/\/www.havenforhope.org\/es\/\",\"name\":\"Haven For Hope\",\"description\":\"More than a Shelter, it is a Transformational Campus.\",\"publisher\":{\"@id\":\"https:\/\/www.havenforhope.org\/es\/#organization\"},\"potentialAction\":[{\"@type\":\"SearchAction\",\"target\":{\"@type\":\"EntryPoint\",\"urlTemplate\":\"https:\/\/www.havenforhope.org\/es\/?s={search_term_string}\"},\"query-input\":{\"@type\":\"PropertyValueSpecification\",\"valueRequired\":true,\"valueName\":\"search_term_string\"}}],\"inLanguage\":\"es\"},{\"@type\":\"Organization\",\"@id\":\"https:\/\/www.havenforhope.org\/es\/#organization\",\"name\":\"Haven For Hope\",\"url\":\"https:\/\/www.havenforhope.org\/es\/\",\"logo\":{\"@type\":\"ImageObject\",\"inLanguage\":\"es\",\"@id\":\"https:\/\/www.havenforhope.org\/es\/#\/schema\/logo\/image\/\",\"url\":\"https:\/\/www.havenforhope.org\/wp-content\/uploads\/2018\/10\/hope-blue.png\",\"contentUrl\":\"https:\/\/www.havenforhope.org\/wp-content\/uploads\/2018\/10\/hope-blue.png\",\"width\":797,\"height\":587,\"caption\":\"Haven For Hope\"},\"image\":{\"@id\":\"https:\/\/www.havenforhope.org\/es\/#\/schema\/logo\/image\/\"}}]}<\/script>\n<!-- \/ Yoast SEO plugin. -->","yoast_head_json":{"title":"Historia - Haven For Hope","robots":{"index":"index","follow":"follow","max-snippet":"max-snippet:-1","max-image-preview":"max-image-preview:large","max-video-preview":"max-video-preview:-1"},"canonical":"https:\/\/www.havenforhope.org\/es\/acerca-de\/historia\/","og_locale":"es_ES","og_type":"article","og_title":"Historia - Haven For Hope","og_description":"Celebraci\u00f3n de la gran inauguraci\u00f3n de Haven for Hope Historia El establecimiento del campus de Haven for Hope fue una respuesta directa a una necesidad comunitaria seria e insatisfecha. En &hellip; Continuar leyendo \"Historia\"","og_url":"https:\/\/www.havenforhope.org\/es\/acerca-de\/historia\/","og_site_name":"Haven For Hope","article_modified_time":"2023-02-24T20:44:35+00:00","og_image":[{"width":2048,"height":512,"url":"https:\/\/www.havenforhope.org\/wp-content\/uploads\/2019\/09\/History_Photo-1.jpg","type":"image\/jpeg"}],"twitter_card":"summary_large_image","twitter_misc":{"Tiempo de lectura":"1 minuto"},"schema":{"@context":"https:\/\/schema.org","@graph":[{"@type":"WebPage","@id":"https:\/\/www.havenforhope.org\/es\/acerca-de\/historia\/","url":"https:\/\/www.havenforhope.org\/es\/acerca-de\/historia\/","name":"Historia - Haven For Hope","isPartOf":{"@id":"https:\/\/www.havenforhope.org\/es\/#website"},"primaryImageOfPage":{"@id":"https:\/\/www.havenforhope.org\/es\/acerca-de\/historia\/#primaryimage"},"image":{"@id":"https:\/\/www.havenforhope.org\/es\/acerca-de\/historia\/#primaryimage"},"thumbnailUrl":"https:\/\/www.havenforhope.org\/wp-content\/uploads\/2019\/09\/History_Photo-1.jpg","datePublished":"2019-01-31T04:02:47+00:00","dateModified":"2023-02-24T20:44:35+00:00","breadcrumb":{"@id":"https:\/\/www.havenforhope.org\/es\/acerca-de\/historia\/#breadcrumb"},"inLanguage":"es","potentialAction":[{"@type":"ReadAction","target":["https:\/\/www.havenforhope.org\/es\/acerca-de\/historia\/"]}]},{"@type":"ImageObject","inLanguage":"es","@id":"https:\/\/www.havenforhope.org\/es\/acerca-de\/historia\/#primaryimage","url":"https:\/\/www.havenforhope.org\/wp-content\/uploads\/2019\/09\/History_Photo-1.jpg","contentUrl":"https:\/\/www.havenforhope.org\/wp-content\/uploads\/2019\/09\/History_Photo-1.jpg","width":2048,"height":512},{"@type":"BreadcrumbList","@id":"https:\/\/www.havenforhope.org\/es\/acerca-de\/historia\/#breadcrumb","itemListElement":[{"@type":"ListItem","position":1,"name":"Home","item":"https:\/\/www.havenforhope.org\/es\/casa\/"},{"@type":"ListItem","position":2,"name":"Acerca de","item":"https:\/\/www.havenforhope.org\/es\/acerca-de\/"},{"@type":"ListItem","position":3,"name":"Historia"}]},{"@type":"WebSite","@id":"https:\/\/www.havenforhope.org\/es\/#website","url":"https:\/\/www.havenforhope.org\/es\/","name":"Haven For Hope","description":"More than a Shelter, it is a Transformational Campus.","publisher":{"@id":"https:\/\/www.havenforhope.org\/es\/#organization"},"potentialAction":[{"@type":"SearchAction","target":{"@type":"EntryPoint","urlTemplate":"https:\/\/www.havenforhope.org\/es\/?s={search_term_string}"},"query-input":{"@type":"PropertyValueSpecification","valueRequired":true,"valueName":"search_term_string"}}],"inLanguage":"es"},{"@type":"Organization","@id":"https:\/\/www.havenforhope.org\/es\/#organization","name":"Haven For Hope","url":"https:\/\/www.havenforhope.org\/es\/","logo":{"@type":"ImageObject","inLanguage":"es","@id":"https:\/\/www.havenforhope.org\/es\/#\/schema\/logo\/image\/","url":"https:\/\/www.havenforhope.org\/wp-content\/uploads\/2018\/10\/hope-blue.png","contentUrl":"https:\/\/www.havenforhope.org\/wp-content\/uploads\/2018\/10\/hope-blue.png","width":797,"height":587,"caption":"Haven For Hope"},"image":{"@id":"https:\/\/www.havenforhope.org\/es\/#\/schema\/logo\/image\/"}}]}},"_links":{"self":[{"href":"https:\/\/www.havenforhope.org\/es\/wp-json\/wp\/v2\/pages\/5193","targetHints":{"allow":["GET"]}}],"collection":[{"href":"https:\/\/www.havenforhope.org\/es\/wp-json\/wp\/v2\/pages"}],"about":[{"href":"https:\/\/www.havenforhope.org\/es\/wp-json\/wp\/v2\/types\/page"}],"author":[{"embeddable":true,"href":"https:\/\/www.havenforhope.org\/es\/wp-json\/wp\/v2\/users\/25"}],"replies":[{"embeddable":true,"href":"https:\/\/www.havenforhope.org\/es\/wp-json\/wp\/v2\/comments?post=5193"}],"version-history":[{"count":0,"href":"https:\/\/www.havenforhope.org\/es\/wp-json\/wp\/v2\/pages\/5193\/revisions"}],"up":[{"embeddable":true,"href":"https:\/\/www.havenforhope.org\/es\/wp-json\/wp\/v2\/pages\/5130"}],"wp:featuredmedia":[{"embeddable":true,"href":"https:\/\/www.havenforhope.org\/es\/wp-json\/wp\/v2\/media\/4890"}],"wp:attachment":[{"href":"https:\/\/www.havenforhope.org\/es\/wp-json\/wp\/v2\/media?parent=5193"}],"curies":[{"name":"wp","href":"https:\/\/api.w.org\/{rel}","templated":true}]}}