{"id":5200,"date":"2019-07-19T19:16:38","date_gmt":"2019-07-20T00:16:38","guid":{"rendered":"https:\/\/www.havenforhope.org\/acerca-de\/fundador\/"},"modified":"2023-04-07T16:53:20","modified_gmt":"2023-04-07T21:53:20","slug":"fundador","status":"publish","type":"page","link":"https:\/\/www.havenforhope.org\/es\/acerca-de\/fundador\/","title":{"rendered":"Fundador"},"content":{"rendered":"\t\t<div data-elementor-type=\"wp-post\" data-elementor-id=\"5200\" class=\"elementor elementor-5200 elementor-2150\" data-elementor-post-type=\"page\">\n\t\t\t\t\t\t<section class=\"elementor-section elementor-top-section elementor-element elementor-element-77ef105 elementor-section-boxed elementor-section-height-default elementor-section-height-default\" data-id=\"77ef105\" data-element_type=\"section\" data-e-type=\"section\" data-settings=\"{&quot;jet_parallax_layout_list&quot;:[]}\">\n\t\t\t\t\t\t<div class=\"elementor-container elementor-column-gap-default\">\n\t\t\t\t\t<div class=\"elementor-column elementor-col-100 elementor-top-column elementor-element elementor-element-103b562\" data-id=\"103b562\" data-element_type=\"column\" data-e-type=\"column\" data-settings=\"{&quot;background_background&quot;:&quot;classic&quot;}\">\n\t\t\t<div class=\"elementor-widget-wrap elementor-element-populated\">\n\t\t\t\t\t\t<div class=\"elementor-element elementor-element-6fffdf9 elementor-widget elementor-widget-heading\" data-id=\"6fffdf9\" data-element_type=\"widget\" data-e-type=\"widget\" data-widget_type=\"heading.default\">\n\t\t\t\t<div class=\"elementor-widget-container\">\n\t\t\t\t\t<h2 class=\"elementor-heading-title elementor-size-default\">bill greehey<\/h2>\t\t\t\t<\/div>\n\t\t\t\t<\/div>\n\t\t\t\t<div class=\"elementor-element elementor-element-f99dc10 elementor-widget elementor-widget-text-editor\" data-id=\"f99dc10\" data-element_type=\"widget\" data-e-type=\"widget\" data-widget_type=\"text-editor.default\">\n\t\t\t\t<div class=\"elementor-widget-container\">\n\t\t\t\t\t\t\t\t\t<p style=\"text-align: left;\"><img fetchpriority=\"high\" decoding=\"async\" class=\"wp-image-1165 alignleft\" src=\"https:\/\/www.havenforhope.org\/wp-content\/uploads\/2018\/11\/board_bill_greehey.jpg\" alt=\"\" width=\"193\" height=\"291\">El fundador de Haven for Hope, Bill Greehey, se desempe\u00f1\u00f3 como director ejecutivo fundador y presidente de Valero Energy Corporation, con sede en San Antonio, Texas, desde el inicio de la empresa en 1980 hasta que se jubil\u00f3 como director ejecutivo en 2006 y presidente en 2007. Dirigi\u00f3 el crecimiento de Valero de una peque\u00f1a empresa regional de oleoductos a la empresa de refinaci\u00f3n m\u00e1s grande de Am\u00e9rica del Norte que ocup\u00f3 el puesto n\u00famero 15 en FORTUNE 500 cuando se jubil\u00f3 como presidente. El Sr. Greehey contin\u00faa sirviendo como Presidente de la Junta de NuStar Energy, que se escindi\u00f3 de Valero en 2007. Junto con el equipo de liderazgo de la compa\u00f1\u00eda, ayud\u00f3 a convertir a NuStar en uno de los operadores de terminales y tuber\u00edas de petr\u00f3leo m\u00e1s grandes de Estados Unidos.<\/p><p style=\"text-align: left;\">En 2012, The Harvard Business Review nombr\u00f3 al Sr. Greehey como uno de los directores ejecutivos con mejor desempe\u00f1o del mundo en funci\u00f3n de su mandato como director ejecutivo de Valero. Tambi\u00e9n es miembro del Sal\u00f3n de la Fama Empresarial de Texas.<\/p><p style=\"text-align: left;\">Un fil\u00e1ntropo de renombre nacional, el Sr. Greehey ha hecho del servicio comunitario un valor fundamental en las empresas que ha dirigido. Siguiendo su liderazgo con el ejemplo, los empleados de NuStar donan millones de d\u00f3lares y decenas de miles de horas de trabajo voluntario a causas ben\u00e9ficas y c\u00edvicas cada a\u00f1o.<\/p><p style=\"text-align: left;\">El Sr. Greehey estableci\u00f3 la Fundaci\u00f3n de la Familia Greehey en 2004 y la ha financiado con m\u00e1s de $200 millones, adem\u00e1s ha donado $131 millones adicionales a cientos de causas ben\u00e9ficas valiosas. Esto incluye una subvenci\u00f3n de $25 millones al Centro de Ciencias de la Salud de la Universidad de Texas para financiar la investigaci\u00f3n y el tratamiento del c\u00e1ncer infantil. Tambi\u00e9n hizo una donaci\u00f3n de $25 millones a la escuela de negocios de St. Mary&#8217;s University en San Antonio, su alma mater, para expandir su reclutamiento de los mejores estudiantes de negocios, atraer a profesores de negocios de renombre internacional y promover la \u00e9tica empresarial y el servicio comunitario entre los futuros l\u00edderes empresariales. .<\/p><p style=\"text-align: left;\">El Sr. Greehey tambi\u00e9n es un gran partidario de United Way y los Boy Scouts of America, y se ha desempe\u00f1ado en capacidades de liderazgo nacional y local para ambas organizaciones. Y es ex presidente de la Fundaci\u00f3n de Desarrollo Econ\u00f3mico de San Antonio.<\/p><p style=\"text-align: left;\">Por su tremendo compromiso con la filantrop\u00eda y el servicio comunitario, el Sr. Greehey recibi\u00f3 un doctorado honorario en trabajo social de la Universidad Our Lady of the Lake y un doctorado honorario en filosof\u00eda de la Universidad St. Mary&#8217;s. Recibi\u00f3 el premio International Outstanding Volunteer Fundraiser Award de la Association of Fundraising Professionals, y fue seleccionado para recibir el prestigioso premio Horatio Alger, que reconoce a las personas que han escalado desde un comienzo humilde hasta el \u00e9xito personal y profesional, y han alcanzado el \u00absue\u00f1o americano\u00bb. <\/p><p style=\"text-align: left;\">Si bien innumerables organizaciones locales sin fines de lucro se han beneficiado de su liderazgo y generosidad, su mayor legado ser\u00e1 la creaci\u00f3n de Haven for Hope, el modelo nacional en la lucha contra la falta de vivienda. En 2005, antes de retirarse de Valero, vio la necesidad e imagin\u00f3 un mejor sistema no solo para atender a las personas sin hogar, sino tambi\u00e9n para transformar sus vidas y romper el ciclo de la falta de vivienda. Con el apoyo de los l\u00edderes de la ciudad y el condado, dirigi\u00f3 un extenso esfuerzo de investigaci\u00f3n para encontrar las mejores pr\u00e1cticas de otros campus de transformaci\u00f3n en todo el pa\u00eds, luego combin\u00f3 esas mejores pr\u00e1cticas para desarrollar el plan para Haven for Hope, que ayudar\u00eda a las personas y familias a identificar el causas fundamentales de su falta de vivienda y luego proporcionarles todos los recursos que necesitan en un campus de \u00abventanilla \u00fanica\u00bb para volver a una vida independiente, productiva y feliz. El Sr. Greehey luego recaud\u00f3 m\u00e1s de $101 millones para construir el campus de Haven for Hope, con m\u00e1s del 60 por ciento de los fondos provenientes del sector privado. A lo largo de los a\u00f1os, personalmente ha donado m\u00e1s de $34 millones a Haven for Hope y sus agencias asociadas. Y se mantiene muy activo en los esfuerzos operativos, de planificaci\u00f3n y de recaudaci\u00f3n de fondos para Haven.<\/p>\t\t\t\t\t\t\t\t<\/div>\n\t\t\t\t<\/div>\n\t\t\t\t\t<\/div>\n\t\t<\/div>\n\t\t\t\t\t<\/div>\n\t\t<\/section>\n\t\t\t\t<\/div>\n\t\t","protected":false},"excerpt":{"rendered":"<p>bill greehey El fundador de Haven for Hope, Bill Greehey, se desempe\u00f1\u00f3 como director ejecutivo fundador y presidente de Valero Energy Corporation, con sede en San Antonio, Texas, desde el &hellip; <\/p>\n<p class=\"link-more\"><a href=\"https:\/\/www.havenforhope.org\/es\/acerca-de\/fundador\/\" class=\"more-link\">Continuar leyendo<span class=\"screen-reader-text\"> \u00abFundador\u00bb<\/span><\/a><\/p>\n","protected":false},"author":25,"featured_media":4749,"parent":5130,"menu_order":0,"comment_status":"closed","ping_status":"closed","template":"elementor_header_footer","meta":{"_acf_changed":false,"inline_featured_image":false,"footnotes":"","_links_to":"","_links_to_target":""},"class_list":["post-5200","page","type-page","status-publish","has-post-thumbnail","hentry"],"acf":[],"yoast_head":"<!-- This site is optimized with the Yoast SEO plugin v27.2 - https:\/\/yoast.com\/product\/yoast-seo-wordpress\/ -->\n<title>Fundador - Haven For Hope<\/title>\n<meta name=\"robots\" content=\"index, follow, max-snippet:-1, max-image-preview:large, max-video-preview:-1\" \/>\n<link rel=\"canonical\" href=\"https:\/\/www.havenforhope.org\/es\/acerca-de\/fundador\/\" \/>\n<meta property=\"og:locale\" content=\"es_ES\" \/>\n<meta property=\"og:type\" content=\"article\" \/>\n<meta property=\"og:title\" content=\"Fundador - Haven For Hope\" \/>\n<meta property=\"og:description\" content=\"bill greehey El fundador de Haven for Hope, Bill Greehey, se desempe\u00f1\u00f3 como director ejecutivo fundador y presidente de Valero Energy Corporation, con sede en San Antonio, Texas, desde el &hellip; Continuar leyendo &quot;Fundador&quot;\" \/>\n<meta property=\"og:url\" content=\"https:\/\/www.havenforhope.org\/es\/acerca-de\/fundador\/\" \/>\n<meta property=\"og:site_name\" content=\"Haven For Hope\" \/>\n<meta property=\"article:modified_time\" content=\"2023-04-07T21:53:20+00:00\" \/>\n<meta property=\"og:image\" content=\"https:\/\/www.havenforhope.org\/wp-content\/uploads\/2019\/01\/Haven-for-Hope-Flag-American-Flag-e1590249878380.jpg\" \/>\n\t<meta property=\"og:image:width\" content=\"3415\" \/>\n\t<meta property=\"og:image:height\" content=\"1596\" \/>\n\t<meta property=\"og:image:type\" content=\"image\/jpeg\" \/>\n<meta name=\"twitter:card\" content=\"summary_large_image\" \/>\n<meta name=\"twitter:label1\" content=\"Tiempo de lectura\" \/>\n\t<meta name=\"twitter:data1\" content=\"4 minutos\" \/>\n<script type=\"application\/ld+json\" class=\"yoast-schema-graph\">{\"@context\":\"https:\/\/schema.org\",\"@graph\":[{\"@type\":\"WebPage\",\"@id\":\"https:\/\/www.havenforhope.org\/es\/acerca-de\/fundador\/\",\"url\":\"https:\/\/www.havenforhope.org\/es\/acerca-de\/fundador\/\",\"name\":\"Fundador - Haven For Hope\",\"isPartOf\":{\"@id\":\"https:\/\/www.havenforhope.org\/es\/#website\"},\"primaryImageOfPage\":{\"@id\":\"https:\/\/www.havenforhope.org\/es\/acerca-de\/fundador\/#primaryimage\"},\"image\":{\"@id\":\"https:\/\/www.havenforhope.org\/es\/acerca-de\/fundador\/#primaryimage\"},\"thumbnailUrl\":\"https:\/\/www.havenforhope.org\/wp-content\/uploads\/2019\/01\/Haven-for-Hope-Flag-American-Flag-e1590249878380-scaled.jpg\",\"datePublished\":\"2019-07-20T00:16:38+00:00\",\"dateModified\":\"2023-04-07T21:53:20+00:00\",\"breadcrumb\":{\"@id\":\"https:\/\/www.havenforhope.org\/es\/acerca-de\/fundador\/#breadcrumb\"},\"inLanguage\":\"es\",\"potentialAction\":[{\"@type\":\"ReadAction\",\"target\":[\"https:\/\/www.havenforhope.org\/es\/acerca-de\/fundador\/\"]}]},{\"@type\":\"ImageObject\",\"inLanguage\":\"es\",\"@id\":\"https:\/\/www.havenforhope.org\/es\/acerca-de\/fundador\/#primaryimage\",\"url\":\"https:\/\/www.havenforhope.org\/wp-content\/uploads\/2019\/01\/Haven-for-Hope-Flag-American-Flag-e1590249878380-scaled.jpg\",\"contentUrl\":\"https:\/\/www.havenforhope.org\/wp-content\/uploads\/2019\/01\/Haven-for-Hope-Flag-American-Flag-e1590249878380-scaled.jpg\",\"width\":2560,\"height\":1196},{\"@type\":\"BreadcrumbList\",\"@id\":\"https:\/\/www.havenforhope.org\/es\/acerca-de\/fundador\/#breadcrumb\",\"itemListElement\":[{\"@type\":\"ListItem\",\"position\":1,\"name\":\"Home\",\"item\":\"https:\/\/www.havenforhope.org\/es\/casa\/\"},{\"@type\":\"ListItem\",\"position\":2,\"name\":\"Acerca de\",\"item\":\"https:\/\/www.havenforhope.org\/es\/acerca-de\/\"},{\"@type\":\"ListItem\",\"position\":3,\"name\":\"Fundador\"}]},{\"@type\":\"WebSite\",\"@id\":\"https:\/\/www.havenforhope.org\/es\/#website\",\"url\":\"https:\/\/www.havenforhope.org\/es\/\",\"name\":\"Haven For Hope\",\"description\":\"More than a Shelter, it is a Transformational Campus.\",\"publisher\":{\"@id\":\"https:\/\/www.havenforhope.org\/es\/#organization\"},\"potentialAction\":[{\"@type\":\"SearchAction\",\"target\":{\"@type\":\"EntryPoint\",\"urlTemplate\":\"https:\/\/www.havenforhope.org\/es\/?s={search_term_string}\"},\"query-input\":{\"@type\":\"PropertyValueSpecification\",\"valueRequired\":true,\"valueName\":\"search_term_string\"}}],\"inLanguage\":\"es\"},{\"@type\":\"Organization\",\"@id\":\"https:\/\/www.havenforhope.org\/es\/#organization\",\"name\":\"Haven For Hope\",\"url\":\"https:\/\/www.havenforhope.org\/es\/\",\"logo\":{\"@type\":\"ImageObject\",\"inLanguage\":\"es\",\"@id\":\"https:\/\/www.havenforhope.org\/es\/#\/schema\/logo\/image\/\",\"url\":\"https:\/\/www.havenforhope.org\/wp-content\/uploads\/2018\/10\/hope-blue.png\",\"contentUrl\":\"https:\/\/www.havenforhope.org\/wp-content\/uploads\/2018\/10\/hope-blue.png\",\"width\":797,\"height\":587,\"caption\":\"Haven For Hope\"},\"image\":{\"@id\":\"https:\/\/www.havenforhope.org\/es\/#\/schema\/logo\/image\/\"}}]}<\/script>\n<!-- \/ Yoast SEO plugin. -->","yoast_head_json":{"title":"Fundador - Haven For Hope","robots":{"index":"index","follow":"follow","max-snippet":"max-snippet:-1","max-image-preview":"max-image-preview:large","max-video-preview":"max-video-preview:-1"},"canonical":"https:\/\/www.havenforhope.org\/es\/acerca-de\/fundador\/","og_locale":"es_ES","og_type":"article","og_title":"Fundador - Haven For Hope","og_description":"bill greehey El fundador de Haven for Hope, Bill Greehey, se desempe\u00f1\u00f3 como director ejecutivo fundador y presidente de Valero Energy Corporation, con sede en San Antonio, Texas, desde el &hellip; Continuar leyendo \"Fundador\"","og_url":"https:\/\/www.havenforhope.org\/es\/acerca-de\/fundador\/","og_site_name":"Haven For Hope","article_modified_time":"2023-04-07T21:53:20+00:00","og_image":[{"width":3415,"height":1596,"url":"https:\/\/www.havenforhope.org\/wp-content\/uploads\/2019\/01\/Haven-for-Hope-Flag-American-Flag-e1590249878380.jpg","type":"image\/jpeg"}],"twitter_card":"summary_large_image","twitter_misc":{"Tiempo de lectura":"4 minutos"},"schema":{"@context":"https:\/\/schema.org","@graph":[{"@type":"WebPage","@id":"https:\/\/www.havenforhope.org\/es\/acerca-de\/fundador\/","url":"https:\/\/www.havenforhope.org\/es\/acerca-de\/fundador\/","name":"Fundador - Haven For Hope","isPartOf":{"@id":"https:\/\/www.havenforhope.org\/es\/#website"},"primaryImageOfPage":{"@id":"https:\/\/www.havenforhope.org\/es\/acerca-de\/fundador\/#primaryimage"},"image":{"@id":"https:\/\/www.havenforhope.org\/es\/acerca-de\/fundador\/#primaryimage"},"thumbnailUrl":"https:\/\/www.havenforhope.org\/wp-content\/uploads\/2019\/01\/Haven-for-Hope-Flag-American-Flag-e1590249878380-scaled.jpg","datePublished":"2019-07-20T00:16:38+00:00","dateModified":"2023-04-07T21:53:20+00:00","breadcrumb":{"@id":"https:\/\/www.havenforhope.org\/es\/acerca-de\/fundador\/#breadcrumb"},"inLanguage":"es","potentialAction":[{"@type":"ReadAction","target":["https:\/\/www.havenforhope.org\/es\/acerca-de\/fundador\/"]}]},{"@type":"ImageObject","inLanguage":"es","@id":"https:\/\/www.havenforhope.org\/es\/acerca-de\/fundador\/#primaryimage","url":"https:\/\/www.havenforhope.org\/wp-content\/uploads\/2019\/01\/Haven-for-Hope-Flag-American-Flag-e1590249878380-scaled.jpg","contentUrl":"https:\/\/www.havenforhope.org\/wp-content\/uploads\/2019\/01\/Haven-for-Hope-Flag-American-Flag-e1590249878380-scaled.jpg","width":2560,"height":1196},{"@type":"BreadcrumbList","@id":"https:\/\/www.havenforhope.org\/es\/acerca-de\/fundador\/#breadcrumb","itemListElement":[{"@type":"ListItem","position":1,"name":"Home","item":"https:\/\/www.havenforhope.org\/es\/casa\/"},{"@type":"ListItem","position":2,"name":"Acerca de","item":"https:\/\/www.havenforhope.org\/es\/acerca-de\/"},{"@type":"ListItem","position":3,"name":"Fundador"}]},{"@type":"WebSite","@id":"https:\/\/www.havenforhope.org\/es\/#website","url":"https:\/\/www.havenforhope.org\/es\/","name":"Haven For Hope","description":"More than a Shelter, it is a Transformational Campus.","publisher":{"@id":"https:\/\/www.havenforhope.org\/es\/#organization"},"potentialAction":[{"@type":"SearchAction","target":{"@type":"EntryPoint","urlTemplate":"https:\/\/www.havenforhope.org\/es\/?s={search_term_string}"},"query-input":{"@type":"PropertyValueSpecification","valueRequired":true,"valueName":"search_term_string"}}],"inLanguage":"es"},{"@type":"Organization","@id":"https:\/\/www.havenforhope.org\/es\/#organization","name":"Haven For Hope","url":"https:\/\/www.havenforhope.org\/es\/","logo":{"@type":"ImageObject","inLanguage":"es","@id":"https:\/\/www.havenforhope.org\/es\/#\/schema\/logo\/image\/","url":"https:\/\/www.havenforhope.org\/wp-content\/uploads\/2018\/10\/hope-blue.png","contentUrl":"https:\/\/www.havenforhope.org\/wp-content\/uploads\/2018\/10\/hope-blue.png","width":797,"height":587,"caption":"Haven For Hope"},"image":{"@id":"https:\/\/www.havenforhope.org\/es\/#\/schema\/logo\/image\/"}}]}},"_links":{"self":[{"href":"https:\/\/www.havenforhope.org\/es\/wp-json\/wp\/v2\/pages\/5200","targetHints":{"allow":["GET"]}}],"collection":[{"href":"https:\/\/www.havenforhope.org\/es\/wp-json\/wp\/v2\/pages"}],"about":[{"href":"https:\/\/www.havenforhope.org\/es\/wp-json\/wp\/v2\/types\/page"}],"author":[{"embeddable":true,"href":"https:\/\/www.havenforhope.org\/es\/wp-json\/wp\/v2\/users\/25"}],"replies":[{"embeddable":true,"href":"https:\/\/www.havenforhope.org\/es\/wp-json\/wp\/v2\/comments?post=5200"}],"version-history":[{"count":0,"href":"https:\/\/www.havenforhope.org\/es\/wp-json\/wp\/v2\/pages\/5200\/revisions"}],"up":[{"embeddable":true,"href":"https:\/\/www.havenforhope.org\/es\/wp-json\/wp\/v2\/pages\/5130"}],"wp:featuredmedia":[{"embeddable":true,"href":"https:\/\/www.havenforhope.org\/es\/wp-json\/wp\/v2\/media\/4749"}],"wp:attachment":[{"href":"https:\/\/www.havenforhope.org\/es\/wp-json\/wp\/v2\/media?parent=5200"}],"curies":[{"name":"wp","href":"https:\/\/api.w.org\/{rel}","templated":true}]}}