{"id":5244,"date":"2020-12-03T22:25:22","date_gmt":"2020-12-04T04:25:22","guid":{"rendered":"https:\/\/www.havenforhope.org\/dar\/formas-de-dar\/"},"modified":"2023-01-05T16:37:17","modified_gmt":"2023-01-05T22:37:17","slug":"formas-de-dar","status":"publish","type":"page","link":"https:\/\/www.havenforhope.org\/es\/dar\/formas-de-dar\/","title":{"rendered":"Formas de dar"},"content":{"rendered":"\t\t<div data-elementor-type=\"wp-page\" data-elementor-id=\"5244\" class=\"elementor elementor-5244 elementor-3123\" data-elementor-post-type=\"page\">\n\t\t\t\t\t\t<section class=\"elementor-section elementor-top-section elementor-element elementor-element-6cc7434 elementor-section-stretched elementor-section-boxed elementor-section-height-default elementor-section-height-default\" data-id=\"6cc7434\" data-element_type=\"section\" data-e-type=\"section\" data-settings=\"{&quot;stretch_section&quot;:&quot;section-stretched&quot;,&quot;jet_parallax_layout_list&quot;:[]}\">\n\t\t\t\t\t\t<div class=\"elementor-container elementor-column-gap-default\">\n\t\t\t\t\t<div class=\"elementor-column elementor-col-100 elementor-top-column elementor-element elementor-element-514308e\" data-id=\"514308e\" data-element_type=\"column\" data-e-type=\"column\">\n\t\t\t<div class=\"elementor-widget-wrap elementor-element-populated\">\n\t\t\t\t\t\t<div class=\"elementor-element elementor-element-13a5846 elementor-align-center elementor-button-info elementor-widget elementor-widget-button\" data-id=\"13a5846\" data-element_type=\"widget\" data-e-type=\"widget\" data-widget_type=\"button.default\">\n\t\t\t\t<div class=\"elementor-widget-container\">\n\t\t\t\t\t\t\t\t\t<div class=\"elementor-button-wrapper\">\n\t\t\t\t\t<a class=\"elementor-button elementor-button-link elementor-size-xl\" href=\"\/donar\/\">\n\t\t\t\t\t\t<span class=\"elementor-button-content-wrapper\">\n\t\t\t\t\t\t\t\t\t<span class=\"elementor-button-text\">Haz click aqui para donar en linea<\/span>\n\t\t\t\t\t<\/span>\n\t\t\t\t\t<\/a>\n\t\t\t\t<\/div>\n\t\t\t\t\t\t\t\t<\/div>\n\t\t\t\t<\/div>\n\t\t\t\t\t<\/div>\n\t\t<\/div>\n\t\t\t\t\t<\/div>\n\t\t<\/section>\n\t\t\t\t<section class=\"elementor-section elementor-top-section elementor-element elementor-element-48b5f49 elementor-section-stretched elementor-section-boxed elementor-section-height-default elementor-section-height-default\" data-id=\"48b5f49\" data-element_type=\"section\" data-e-type=\"section\" data-settings=\"{&quot;stretch_section&quot;:&quot;section-stretched&quot;,&quot;jet_parallax_layout_list&quot;:[]}\">\n\t\t\t\t\t\t<div class=\"elementor-container elementor-column-gap-default\">\n\t\t\t\t\t<div class=\"elementor-column elementor-col-100 elementor-top-column elementor-element elementor-element-4171dea\" data-id=\"4171dea\" data-element_type=\"column\" data-e-type=\"column\">\n\t\t\t<div class=\"elementor-widget-wrap elementor-element-populated\">\n\t\t\t\t\t\t<section class=\"elementor-section elementor-inner-section elementor-element elementor-element-2e0d164 elementor-section-boxed elementor-section-height-default elementor-section-height-default\" data-id=\"2e0d164\" data-element_type=\"section\" data-e-type=\"section\" data-settings=\"{&quot;jet_parallax_layout_list&quot;:[]}\">\n\t\t\t\t\t\t<div class=\"elementor-container elementor-column-gap-default\">\n\t\t\t\t\t<div class=\"elementor-column elementor-col-33 elementor-inner-column elementor-element elementor-element-ee447a1\" data-id=\"ee447a1\" data-element_type=\"column\" data-e-type=\"column\" data-settings=\"{&quot;background_background&quot;:&quot;classic&quot;}\">\n\t\t\t<div class=\"elementor-widget-wrap elementor-element-populated\">\n\t\t\t\t\t\t<div class=\"elementor-element elementor-element-e150fac box-title elementor-widget elementor-widget-heading\" data-id=\"e150fac\" data-element_type=\"widget\" data-e-type=\"widget\" data-widget_type=\"heading.default\">\n\t\t\t\t<div class=\"elementor-widget-container\">\n\t\t\t\t\t<h2 class=\"elementor-heading-title elementor-size-default\">Donar por correo<\/h2>\t\t\t\t<\/div>\n\t\t\t\t<\/div>\n\t\t\t\t<div class=\"elementor-element elementor-element-c10dd07 elementor-widget elementor-widget-text-editor\" data-id=\"c10dd07\" data-element_type=\"widget\" data-e-type=\"widget\" data-widget_type=\"text-editor.default\">\n\t\t\t\t<div class=\"elementor-widget-container\">\n\t\t\t\t\t\t\t\t\t<p><span style=\"font-weight: 400;\">Para hacer una donaci\u00f3n deducible de impuestos, haga los cheques a nombre de<\/span><\/p>\n\t\t\t\t\t\t\t\t<\/div>\n\t\t\t\t<\/div>\n\t\t\t\t<div class=\"elementor-element elementor-element-6b32e4c elementor-widget elementor-widget-text-editor\" data-id=\"6b32e4c\" data-element_type=\"widget\" data-e-type=\"widget\" data-widget_type=\"text-editor.default\">\n\t\t\t\t<div class=\"elementor-widget-container\">\n\t\t\t\t\t\t\t\t\t<p class=\"light-blue\">refugio para la esperanza<\/p>\n\t\t\t\t\t\t\t\t<\/div>\n\t\t\t\t<\/div>\n\t\t\t\t<div class=\"elementor-element elementor-element-c92bcba elementor-widget elementor-widget-text-editor\" data-id=\"c92bcba\" data-element_type=\"widget\" data-e-type=\"widget\" data-widget_type=\"text-editor.default\">\n\t\t\t\t<div class=\"elementor-widget-container\">\n\t\t\t\t\t\t\t\t\t<p><span style=\"font-weight: 400;\">y enviar a<\/span><\/p>\n\t\t\t\t\t\t\t\t<\/div>\n\t\t\t\t<\/div>\n\t\t\t\t<div class=\"elementor-element elementor-element-6333115 elementor-widget elementor-widget-text-editor\" data-id=\"6333115\" data-element_type=\"widget\" data-e-type=\"widget\" data-widget_type=\"text-editor.default\">\n\t\t\t\t<div class=\"elementor-widget-container\">\n\t\t\t\t\t\t\t\t\t<p class=\"light-blue\">refugio para la esperanza<br \/>Atenci\u00f3n: Oficina de Desarrollo  <br \/>1 Camino de Refugio para la Esperanza<br \/>San Antonio, TX 78207<\/p>\n\t\t\t\t\t\t\t\t<\/div>\n\t\t\t\t<\/div>\n\t\t\t\t\t<\/div>\n\t\t<\/div>\n\t\t\t\t<div class=\"elementor-column elementor-col-33 elementor-inner-column elementor-element elementor-element-e44e68d\" data-id=\"e44e68d\" data-element_type=\"column\" data-e-type=\"column\" data-settings=\"{&quot;background_background&quot;:&quot;classic&quot;}\">\n\t\t\t<div class=\"elementor-widget-wrap elementor-element-populated\">\n\t\t\t\t\t\t<div class=\"elementor-element elementor-element-c6f565a box-title elementor-widget elementor-widget-heading\" data-id=\"c6f565a\" data-element_type=\"widget\" data-e-type=\"widget\" data-widget_type=\"heading.default\">\n\t\t\t\t<div class=\"elementor-widget-container\">\n\t\t\t\t\t<h2 class=\"elementor-heading-title elementor-size-default\">\u00bfPreguntas?<\/h2>\t\t\t\t<\/div>\n\t\t\t\t<\/div>\n\t\t\t\t<div class=\"elementor-element elementor-element-4eb633c invest elementor-widget elementor-widget-text-editor\" data-id=\"4eb633c\" data-element_type=\"widget\" data-e-type=\"widget\" data-widget_type=\"text-editor.default\">\n\t\t\t\t<div class=\"elementor-widget-container\">\n\t\t\t\t\t\t\t\t\t<p>Contactanos en<\/p>\n<p class=\"light-blue\"><a style=\"color: #0069a7; font-weight: 100; font-size: 18px;\" href=\"mailto:donate@havenforhope.org\">donar@havenforhope.org<\/a><\/p>\n<p>o <strong><a style=\"color: #0069a7;\" href=\"tel:210-220-2187\">210-220-2100<\/a><\/strong> para m\u00e1s informaci\u00f3n.<\/p>\n\t\t\t\t\t\t\t\t<\/div>\n\t\t\t\t<\/div>\n\t\t\t\t\t<\/div>\n\t\t<\/div>\n\t\t\t\t<div class=\"elementor-column elementor-col-33 elementor-inner-column elementor-element elementor-element-e6bfa37\" data-id=\"e6bfa37\" data-element_type=\"column\" data-e-type=\"column\" data-settings=\"{&quot;background_background&quot;:&quot;classic&quot;}\">\n\t\t\t<div class=\"elementor-widget-wrap elementor-element-populated\">\n\t\t\t\t\t\t<div class=\"elementor-element elementor-element-0357671 box-title elementor-widget elementor-widget-heading\" data-id=\"0357671\" data-element_type=\"widget\" data-e-type=\"widget\" data-widget_type=\"heading.default\">\n\t\t\t\t<div class=\"elementor-widget-container\">\n\t\t\t\t\t<h2 class=\"elementor-heading-title elementor-size-default\">Vea el impacto de su regalo<\/h2>\t\t\t\t<\/div>\n\t\t\t\t<\/div>\n\t\t\t\t<div class=\"elementor-element elementor-element-eac6b25 invest elementor-widget elementor-widget-text-editor\" data-id=\"eac6b25\" data-element_type=\"widget\" data-e-type=\"widget\" data-widget_type=\"text-editor.default\">\n\t\t\t\t<div class=\"elementor-widget-container\">\n\t\t\t\t\t\t\t\t\t<p>Venga a visitar nuestro campus de 22 acres para ver los programas y servicios ofrecidos por Haven for Hope y nuestros socios.<\/p>\n\t\t\t\t\t\t\t\t<\/div>\n\t\t\t\t<\/div>\n\t\t\t\t<div class=\"elementor-element elementor-element-f365658 elementor-align-justify schedue-btn elementor-widget elementor-widget-button\" data-id=\"f365658\" data-element_type=\"widget\" data-e-type=\"widget\" data-widget_type=\"button.default\">\n\t\t\t\t<div class=\"elementor-widget-container\">\n\t\t\t\t\t\t\t\t\t<div class=\"elementor-button-wrapper\">\n\t\t\t\t\t<a class=\"elementor-button elementor-button-link elementor-size-sm\" href=\"https:\/\/www.havenforhope.org\/es\/acerca-de\/excursiones\/\">\n\t\t\t\t\t\t<span class=\"elementor-button-content-wrapper\">\n\t\t\t\t\t\t\t\t\t<span class=\"elementor-button-text\">Programar un recorrido <i class=\"fa fa-long-arrow-right\" aria-hidden=\"true\"><\/i><\/span>\n\t\t\t\t\t<\/span>\n\t\t\t\t\t<\/a>\n\t\t\t\t<\/div>\n\t\t\t\t\t\t\t\t<\/div>\n\t\t\t\t<\/div>\n\t\t\t\t\t<\/div>\n\t\t<\/div>\n\t\t\t\t\t<\/div>\n\t\t<\/section>\n\t\t\t\t\t<\/div>\n\t\t<\/div>\n\t\t\t\t\t<\/div>\n\t\t<\/section>\n\t\t\t\t<section class=\"elementor-section elementor-top-section elementor-element elementor-element-f16a355 elementor-section-stretched elementor-section-boxed elementor-section-height-default elementor-section-height-default\" data-id=\"f16a355\" data-element_type=\"section\" data-e-type=\"section\" data-settings=\"{&quot;stretch_section&quot;:&quot;section-stretched&quot;,&quot;jet_parallax_layout_list&quot;:[]}\">\n\t\t\t\t\t\t<div class=\"elementor-container elementor-column-gap-default\">\n\t\t\t\t\t<div class=\"elementor-column elementor-col-100 elementor-top-column elementor-element elementor-element-714c625\" data-id=\"714c625\" data-element_type=\"column\" data-e-type=\"column\">\n\t\t\t<div class=\"elementor-widget-wrap elementor-element-populated\">\n\t\t\t\t\t\t<section class=\"elementor-section elementor-inner-section elementor-element elementor-element-228b9f4 elementor-section-boxed elementor-section-height-default elementor-section-height-default\" data-id=\"228b9f4\" data-element_type=\"section\" data-e-type=\"section\" data-settings=\"{&quot;jet_parallax_layout_list&quot;:[]}\">\n\t\t\t\t\t\t<div class=\"elementor-container elementor-column-gap-default\">\n\t\t\t\t\t<div class=\"elementor-column elementor-col-100 elementor-inner-column elementor-element elementor-element-9520618\" data-id=\"9520618\" data-element_type=\"column\" data-e-type=\"column\">\n\t\t\t<div class=\"elementor-widget-wrap elementor-element-populated\">\n\t\t\t\t\t\t<div class=\"elementor-element elementor-element-96e581e elementor-widget elementor-widget-text-editor\" data-id=\"96e581e\" data-element_type=\"widget\" data-e-type=\"widget\" data-widget_type=\"text-editor.default\">\n\t\t\t\t<div class=\"elementor-widget-container\">\n\t\t\t\t\t\t\t\t\t<h3 style=\"margin-bottom: 0px; font-family: texgyreadventor, sans-serif; font-weight: 600; color: #0067a4; text-size-adjust: auto;\">Donaciones de acciones<\/h3>\n<p style=\"text-size-adjust: auto; color: #0c0c0c;\"><span style=\"color: #002f4b;\">Para donaciones de acciones, comun\u00edquese con la Oficina de Desarrollo<\/span> <a style=\"background-color: #ffffff; text-decoration-color: #4ca3d9;\" href=\"mailto:donate@havenforhope.org\">donate@havenforhope.org<\/a> <span style=\"color: #002f4b;\">o<\/span> <a style=\"background-color: #ffffff; text-decoration-color: #4ca3d9;\" href=\"tel:210-220-2187\">210-220-2187<\/a><\/p>\n<h3 style=\"margin-bottom: 0px; font-family: texgyreadventor, sans-serif; font-weight: 600; color: #0067a4; padding-top: 0px; text-size-adjust: auto;\">Donaciones planificadas<\/h3>\n<p style=\"caret-color: #002f4b; color: #002f4b; text-size-adjust: auto;\">Una donaci\u00f3n planificada o diferida es una contribuci\u00f3n dispuesta en el presente y entregada en una fecha posterior. Estos obsequios ayudan a nuestra organizaci\u00f3n a planificar para el futuro. Puede ayudar a garantizar que Haven for Hope contin\u00fae sirviendo a las personas y familias que se encuentran sin hogar, al incluir Haven for Hope en su testamento y otra planificaci\u00f3n patrimonial. Para obtener m\u00e1s informaci\u00f3n, comun\u00edquese con nuestra Oficina de Desarrollo al<span class=\"Apple-converted-space\"> <\/span><a style=\"text-decoration-color: #4ca3d9;\" href=\"tel:2102202198\">210-220-2198<\/a> .<\/p>\n\t\t\t\t\t\t\t\t<\/div>\n\t\t\t\t<\/div>\n\t\t\t\t<div class=\"elementor-element elementor-element-97f61f4 elementor-widget elementor-widget-heading\" data-id=\"97f61f4\" data-element_type=\"widget\" data-e-type=\"widget\" data-widget_type=\"heading.default\">\n\t\t\t\t<div class=\"elementor-widget-container\">\n\t\t\t\t\t<h2 class=\"elementor-heading-title elementor-size-default\">Haven for Hope of Bexar County es una organizaci\u00f3n sin fines de lucro registrada 501(c)3.<\/h2>\t\t\t\t<\/div>\n\t\t\t\t<\/div>\n\t\t\t\t\t<\/div>\n\t\t<\/div>\n\t\t\t\t\t<\/div>\n\t\t<\/section>\n\t\t\t\t\t<\/div>\n\t\t<\/div>\n\t\t\t\t\t<\/div>\n\t\t<\/section>\n\t\t\t\t<\/div>\n\t\t","protected":false},"excerpt":{"rendered":"<p>Haz click aqui para donar en linea Donar por correo Para hacer una donaci\u00f3n deducible de impuestos, haga los cheques a nombre de refugio para la esperanza y enviar a &hellip; <\/p>\n<p class=\"link-more\"><a href=\"https:\/\/www.havenforhope.org\/es\/dar\/formas-de-dar\/\" class=\"more-link\">Continuar leyendo<span class=\"screen-reader-text\"> \u00abFormas de dar\u00bb<\/span><\/a><\/p>\n","protected":false},"author":25,"featured_media":4491,"parent":5214,"menu_order":0,"comment_status":"closed","ping_status":"closed","template":"","meta":{"_acf_changed":false,"inline_featured_image":false,"footnotes":"","_links_to":"","_links_to_target":""},"class_list":["post-5244","page","type-page","status-publish","has-post-thumbnail","hentry"],"acf":[],"yoast_head":"<!-- This site is optimized with the Yoast SEO plugin v27.2 - https:\/\/yoast.com\/product\/yoast-seo-wordpress\/ -->\n<title>Formas de dar - Haven For Hope<\/title>\n<meta name=\"description\" content=\"Aqu\u00ed hay algunas formas de donar a Haven for Hope. Su contribuci\u00f3n ayudar\u00e1 a respaldar nuestra misi\u00f3n de traer esperanza y nuevos comienzos a aquellos a quienes servimos.\" \/>\n<meta name=\"robots\" content=\"index, follow, max-snippet:-1, max-image-preview:large, max-video-preview:-1\" \/>\n<link rel=\"canonical\" href=\"https:\/\/www.havenforhope.org\/es\/dar\/formas-de-dar\/\" \/>\n<meta property=\"og:locale\" content=\"es_ES\" \/>\n<meta property=\"og:type\" content=\"article\" \/>\n<meta property=\"og:title\" content=\"Formas de dar - Haven For Hope\" \/>\n<meta property=\"og:description\" content=\"Aqu\u00ed hay algunas formas de donar a Haven for Hope. Su contribuci\u00f3n ayudar\u00e1 a respaldar nuestra misi\u00f3n de traer esperanza y nuevos comienzos a aquellos a quienes servimos.\" \/>\n<meta property=\"og:url\" content=\"https:\/\/www.havenforhope.org\/es\/dar\/formas-de-dar\/\" \/>\n<meta property=\"og:site_name\" content=\"Haven For Hope\" \/>\n<meta property=\"article:modified_time\" content=\"2023-01-05T22:37:17+00:00\" \/>\n<meta property=\"og:image\" content=\"https:\/\/www.havenforhope.org\/wp-content\/uploads\/2018\/10\/kidscircle.jpg\" \/>\n\t<meta property=\"og:image:width\" content=\"1400\" \/>\n\t<meta property=\"og:image:height\" content=\"933\" \/>\n\t<meta property=\"og:image:type\" content=\"image\/jpeg\" \/>\n<meta name=\"twitter:card\" content=\"summary_large_image\" \/>\n<meta name=\"twitter:label1\" content=\"Tiempo de lectura\" \/>\n\t<meta name=\"twitter:data1\" content=\"1 minuto\" \/>\n<script type=\"application\/ld+json\" class=\"yoast-schema-graph\">{\"@context\":\"https:\/\/schema.org\",\"@graph\":[{\"@type\":\"WebPage\",\"@id\":\"https:\/\/www.havenforhope.org\/es\/dar\/formas-de-dar\/\",\"url\":\"https:\/\/www.havenforhope.org\/es\/dar\/formas-de-dar\/\",\"name\":\"Formas de dar - Haven For Hope\",\"isPartOf\":{\"@id\":\"https:\/\/www.havenforhope.org\/es\/#website\"},\"primaryImageOfPage\":{\"@id\":\"https:\/\/www.havenforhope.org\/es\/dar\/formas-de-dar\/#primaryimage\"},\"image\":{\"@id\":\"https:\/\/www.havenforhope.org\/es\/dar\/formas-de-dar\/#primaryimage\"},\"thumbnailUrl\":\"https:\/\/www.havenforhope.org\/wp-content\/uploads\/2018\/10\/kidscircle.jpg\",\"datePublished\":\"2020-12-04T04:25:22+00:00\",\"dateModified\":\"2023-01-05T22:37:17+00:00\",\"description\":\"Aqu\u00ed hay algunas formas de donar a Haven for Hope. Su contribuci\u00f3n ayudar\u00e1 a respaldar nuestra misi\u00f3n de traer esperanza y nuevos comienzos a aquellos a quienes servimos.\",\"breadcrumb\":{\"@id\":\"https:\/\/www.havenforhope.org\/es\/dar\/formas-de-dar\/#breadcrumb\"},\"inLanguage\":\"es\",\"potentialAction\":[{\"@type\":\"ReadAction\",\"target\":[\"https:\/\/www.havenforhope.org\/es\/dar\/formas-de-dar\/\"]}]},{\"@type\":\"ImageObject\",\"inLanguage\":\"es\",\"@id\":\"https:\/\/www.havenforhope.org\/es\/dar\/formas-de-dar\/#primaryimage\",\"url\":\"https:\/\/www.havenforhope.org\/wp-content\/uploads\/2018\/10\/kidscircle.jpg\",\"contentUrl\":\"https:\/\/www.havenforhope.org\/wp-content\/uploads\/2018\/10\/kidscircle.jpg\",\"width\":1400,\"height\":933},{\"@type\":\"BreadcrumbList\",\"@id\":\"https:\/\/www.havenforhope.org\/es\/dar\/formas-de-dar\/#breadcrumb\",\"itemListElement\":[{\"@type\":\"ListItem\",\"position\":1,\"name\":\"Home\",\"item\":\"https:\/\/www.havenforhope.org\/es\/casa\/\"},{\"@type\":\"ListItem\",\"position\":2,\"name\":\"Dar\",\"item\":\"https:\/\/www.havenforhope.org\/es\/dar\/\"},{\"@type\":\"ListItem\",\"position\":3,\"name\":\"Formas de dar\"}]},{\"@type\":\"WebSite\",\"@id\":\"https:\/\/www.havenforhope.org\/es\/#website\",\"url\":\"https:\/\/www.havenforhope.org\/es\/\",\"name\":\"Haven For Hope\",\"description\":\"More than a Shelter, it is a Transformational Campus.\",\"publisher\":{\"@id\":\"https:\/\/www.havenforhope.org\/es\/#organization\"},\"potentialAction\":[{\"@type\":\"SearchAction\",\"target\":{\"@type\":\"EntryPoint\",\"urlTemplate\":\"https:\/\/www.havenforhope.org\/es\/?s={search_term_string}\"},\"query-input\":{\"@type\":\"PropertyValueSpecification\",\"valueRequired\":true,\"valueName\":\"search_term_string\"}}],\"inLanguage\":\"es\"},{\"@type\":\"Organization\",\"@id\":\"https:\/\/www.havenforhope.org\/es\/#organization\",\"name\":\"Haven For Hope\",\"url\":\"https:\/\/www.havenforhope.org\/es\/\",\"logo\":{\"@type\":\"ImageObject\",\"inLanguage\":\"es\",\"@id\":\"https:\/\/www.havenforhope.org\/es\/#\/schema\/logo\/image\/\",\"url\":\"https:\/\/www.havenforhope.org\/wp-content\/uploads\/2018\/10\/hope-blue.png\",\"contentUrl\":\"https:\/\/www.havenforhope.org\/wp-content\/uploads\/2018\/10\/hope-blue.png\",\"width\":797,\"height\":587,\"caption\":\"Haven For Hope\"},\"image\":{\"@id\":\"https:\/\/www.havenforhope.org\/es\/#\/schema\/logo\/image\/\"}}]}<\/script>\n<!-- \/ Yoast SEO plugin. -->","yoast_head_json":{"title":"Formas de dar - Haven For Hope","description":"Aqu\u00ed hay algunas formas de donar a Haven for Hope. Su contribuci\u00f3n ayudar\u00e1 a respaldar nuestra misi\u00f3n de traer esperanza y nuevos comienzos a aquellos a quienes servimos.","robots":{"index":"index","follow":"follow","max-snippet":"max-snippet:-1","max-image-preview":"max-image-preview:large","max-video-preview":"max-video-preview:-1"},"canonical":"https:\/\/www.havenforhope.org\/es\/dar\/formas-de-dar\/","og_locale":"es_ES","og_type":"article","og_title":"Formas de dar - Haven For Hope","og_description":"Aqu\u00ed hay algunas formas de donar a Haven for Hope. Su contribuci\u00f3n ayudar\u00e1 a respaldar nuestra misi\u00f3n de traer esperanza y nuevos comienzos a aquellos a quienes servimos.","og_url":"https:\/\/www.havenforhope.org\/es\/dar\/formas-de-dar\/","og_site_name":"Haven For Hope","article_modified_time":"2023-01-05T22:37:17+00:00","og_image":[{"width":1400,"height":933,"url":"https:\/\/www.havenforhope.org\/wp-content\/uploads\/2018\/10\/kidscircle.jpg","type":"image\/jpeg"}],"twitter_card":"summary_large_image","twitter_misc":{"Tiempo de lectura":"1 minuto"},"schema":{"@context":"https:\/\/schema.org","@graph":[{"@type":"WebPage","@id":"https:\/\/www.havenforhope.org\/es\/dar\/formas-de-dar\/","url":"https:\/\/www.havenforhope.org\/es\/dar\/formas-de-dar\/","name":"Formas de dar - Haven For Hope","isPartOf":{"@id":"https:\/\/www.havenforhope.org\/es\/#website"},"primaryImageOfPage":{"@id":"https:\/\/www.havenforhope.org\/es\/dar\/formas-de-dar\/#primaryimage"},"image":{"@id":"https:\/\/www.havenforhope.org\/es\/dar\/formas-de-dar\/#primaryimage"},"thumbnailUrl":"https:\/\/www.havenforhope.org\/wp-content\/uploads\/2018\/10\/kidscircle.jpg","datePublished":"2020-12-04T04:25:22+00:00","dateModified":"2023-01-05T22:37:17+00:00","description":"Aqu\u00ed hay algunas formas de donar a Haven for Hope. Su contribuci\u00f3n ayudar\u00e1 a respaldar nuestra misi\u00f3n de traer esperanza y nuevos comienzos a aquellos a quienes servimos.","breadcrumb":{"@id":"https:\/\/www.havenforhope.org\/es\/dar\/formas-de-dar\/#breadcrumb"},"inLanguage":"es","potentialAction":[{"@type":"ReadAction","target":["https:\/\/www.havenforhope.org\/es\/dar\/formas-de-dar\/"]}]},{"@type":"ImageObject","inLanguage":"es","@id":"https:\/\/www.havenforhope.org\/es\/dar\/formas-de-dar\/#primaryimage","url":"https:\/\/www.havenforhope.org\/wp-content\/uploads\/2018\/10\/kidscircle.jpg","contentUrl":"https:\/\/www.havenforhope.org\/wp-content\/uploads\/2018\/10\/kidscircle.jpg","width":1400,"height":933},{"@type":"BreadcrumbList","@id":"https:\/\/www.havenforhope.org\/es\/dar\/formas-de-dar\/#breadcrumb","itemListElement":[{"@type":"ListItem","position":1,"name":"Home","item":"https:\/\/www.havenforhope.org\/es\/casa\/"},{"@type":"ListItem","position":2,"name":"Dar","item":"https:\/\/www.havenforhope.org\/es\/dar\/"},{"@type":"ListItem","position":3,"name":"Formas de dar"}]},{"@type":"WebSite","@id":"https:\/\/www.havenforhope.org\/es\/#website","url":"https:\/\/www.havenforhope.org\/es\/","name":"Haven For Hope","description":"More than a Shelter, it is a Transformational Campus.","publisher":{"@id":"https:\/\/www.havenforhope.org\/es\/#organization"},"potentialAction":[{"@type":"SearchAction","target":{"@type":"EntryPoint","urlTemplate":"https:\/\/www.havenforhope.org\/es\/?s={search_term_string}"},"query-input":{"@type":"PropertyValueSpecification","valueRequired":true,"valueName":"search_term_string"}}],"inLanguage":"es"},{"@type":"Organization","@id":"https:\/\/www.havenforhope.org\/es\/#organization","name":"Haven For Hope","url":"https:\/\/www.havenforhope.org\/es\/","logo":{"@type":"ImageObject","inLanguage":"es","@id":"https:\/\/www.havenforhope.org\/es\/#\/schema\/logo\/image\/","url":"https:\/\/www.havenforhope.org\/wp-content\/uploads\/2018\/10\/hope-blue.png","contentUrl":"https:\/\/www.havenforhope.org\/wp-content\/uploads\/2018\/10\/hope-blue.png","width":797,"height":587,"caption":"Haven For Hope"},"image":{"@id":"https:\/\/www.havenforhope.org\/es\/#\/schema\/logo\/image\/"}}]}},"_links":{"self":[{"href":"https:\/\/www.havenforhope.org\/es\/wp-json\/wp\/v2\/pages\/5244","targetHints":{"allow":["GET"]}}],"collection":[{"href":"https:\/\/www.havenforhope.org\/es\/wp-json\/wp\/v2\/pages"}],"about":[{"href":"https:\/\/www.havenforhope.org\/es\/wp-json\/wp\/v2\/types\/page"}],"author":[{"embeddable":true,"href":"https:\/\/www.havenforhope.org\/es\/wp-json\/wp\/v2\/users\/25"}],"replies":[{"embeddable":true,"href":"https:\/\/www.havenforhope.org\/es\/wp-json\/wp\/v2\/comments?post=5244"}],"version-history":[{"count":0,"href":"https:\/\/www.havenforhope.org\/es\/wp-json\/wp\/v2\/pages\/5244\/revisions"}],"up":[{"embeddable":true,"href":"https:\/\/www.havenforhope.org\/es\/wp-json\/wp\/v2\/pages\/5214"}],"wp:featuredmedia":[{"embeddable":true,"href":"https:\/\/www.havenforhope.org\/es\/wp-json\/wp\/v2\/media\/4491"}],"wp:attachment":[{"href":"https:\/\/www.havenforhope.org\/es\/wp-json\/wp\/v2\/media?parent=5244"}],"curies":[{"name":"wp","href":"https:\/\/api.w.org\/{rel}","templated":true}]}}