{"id":5285,"date":"2018-10-10T20:41:17","date_gmt":"2018-10-11T01:41:17","guid":{"rendered":"https:\/\/www.havenforhope.org\/empleo\/obras-de-refugio\/"},"modified":"2022-09-13T15:23:57","modified_gmt":"2022-09-13T20:23:57","slug":"obras-de-refugio","status":"publish","type":"page","link":"https:\/\/www.havenforhope.org\/es\/empleo\/obras-de-refugio\/","title":{"rendered":"obras de refugio"},"content":{"rendered":"\t\t<div data-elementor-type=\"wp-post\" data-elementor-id=\"5285\" class=\"elementor elementor-5285 elementor-109\" data-elementor-post-type=\"page\">\n\t\t\t\t\t\t<section class=\"elementor-section elementor-top-section elementor-element elementor-element-1345575c elementor-section-boxed elementor-section-height-default elementor-section-height-default\" data-id=\"1345575c\" data-element_type=\"section\" data-e-type=\"section\" id=\"content-container\" data-settings=\"{&quot;background_background&quot;:&quot;classic&quot;,&quot;jet_parallax_layout_list&quot;:[]}\">\n\t\t\t\t\t\t<div class=\"elementor-container elementor-column-gap-default\">\n\t\t\t\t\t<div class=\"elementor-column elementor-col-100 elementor-top-column elementor-element elementor-element-6aec689d\" data-id=\"6aec689d\" data-element_type=\"column\" data-e-type=\"column\">\n\t\t\t<div class=\"elementor-widget-wrap elementor-element-populated\">\n\t\t\t\t\t\t<section class=\"elementor-section elementor-inner-section elementor-element elementor-element-7e8c081f elementor-section-boxed elementor-section-height-default elementor-section-height-default\" data-id=\"7e8c081f\" data-element_type=\"section\" data-e-type=\"section\" data-settings=\"{&quot;jet_parallax_layout_list&quot;:[]}\">\n\t\t\t\t\t\t<div class=\"elementor-container elementor-column-gap-default\">\n\t\t\t\t\t<div class=\"elementor-column elementor-col-100 elementor-inner-column elementor-element elementor-element-1d6683e6\" data-id=\"1d6683e6\" data-element_type=\"column\" data-e-type=\"column\">\n\t\t\t<div class=\"elementor-widget-wrap elementor-element-populated\">\n\t\t\t\t\t\t<div class=\"elementor-element elementor-element-5d9b7a93 elementor-widget elementor-widget-heading\" data-id=\"5d9b7a93\" data-element_type=\"widget\" data-e-type=\"widget\" data-widget_type=\"heading.default\">\n\t\t\t\t<div class=\"elementor-widget-container\">\n\t\t\t\t\t<h2 class=\"elementor-heading-title elementor-size-default\">Contratar clientes de Haven<\/h2>\t\t\t\t<\/div>\n\t\t\t\t<\/div>\n\t\t\t\t<div class=\"elementor-element elementor-element-5711c3ef elementor-widget elementor-widget-text-editor\" data-id=\"5711c3ef\" data-element_type=\"widget\" data-e-type=\"widget\" data-widget_type=\"text-editor.default\">\n\t\t\t\t<div class=\"elementor-widget-container\">\n\t\t\t\t\t\t\t\t\t<p>El departamento de Ingresos y Desarrollo de Habilidades de Haven for Hope ayuda a conectar a los clientes de Haven con los empleadores. Nuestras personas tienen habilidades y experiencia en una amplia variedad de sectores industriales.<\/p>\n<p>\u00bfSab\u00eda que entre un tercio y la mitad de las personas sin hogar est\u00e1n trabajando activamente, pero subempleadas? No ganan suficiente dinero para cubrir los altos costos de vida. Es por eso que tambi\u00e9n nos conectamos con programas de educaci\u00f3n y capacitaci\u00f3n laboral para ayudar a nuestros clientes a aumentar sus habilidades laborales, lo que lleva a ingresos m\u00e1s sostenibles.<\/p>\n<p>Contacto: <a href=\"mailto:hirehaven@havenforhope.org\">Hirehaven@havenforhope.org<\/a> <\/p>\n\t\t\t\t\t\t\t\t<\/div>\n\t\t\t\t<\/div>\n\t\t\t\t<div class=\"elementor-element elementor-element-2df9a79 elementor-widget elementor-widget-image\" data-id=\"2df9a79\" data-element_type=\"widget\" data-e-type=\"widget\" data-widget_type=\"image.default\">\n\t\t\t\t<div class=\"elementor-widget-container\">\n\t\t\t\t\t\t\t\t\t\t\t\t\t\t\t<img fetchpriority=\"high\" decoding=\"async\" width=\"607\" height=\"566\" src=\"https:\/\/www.havenforhope.org\/wp-content\/uploads\/2019\/01\/Haven-Works.jpg\" class=\"attachment-twentyseventeen-featured-image size-twentyseventeen-featured-image wp-image-4822\" alt=\"\" srcset=\"https:\/\/www.havenforhope.org\/wp-content\/uploads\/2019\/01\/Haven-Works.jpg 607w, https:\/\/www.havenforhope.org\/wp-content\/uploads\/2019\/01\/Haven-Works-250x233.jpg 250w, https:\/\/www.havenforhope.org\/wp-content\/uploads\/2019\/01\/Haven-Works-350x326.jpg 350w, https:\/\/www.havenforhope.org\/wp-content\/uploads\/2019\/01\/Haven-Works-300x280.jpg 300w\" sizes=\"100vw\" \/>\t\t\t\t\t\t\t\t\t\t\t\t\t\t\t<\/div>\n\t\t\t\t<\/div>\n\t\t\t\t\t<\/div>\n\t\t<\/div>\n\t\t\t\t\t<\/div>\n\t\t<\/section>\n\t\t\t\t\t<\/div>\n\t\t<\/div>\n\t\t\t\t\t<\/div>\n\t\t<\/section>\n\t\t\t\t<section class=\"elementor-section elementor-top-section elementor-element elementor-element-1296eeb elementor-section-stretched elementor-section-boxed elementor-section-height-default elementor-section-height-default\" data-id=\"1296eeb\" data-element_type=\"section\" data-e-type=\"section\" data-settings=\"{&quot;stretch_section&quot;:&quot;section-stretched&quot;,&quot;jet_parallax_layout_list&quot;:[]}\">\n\t\t\t\t\t\t<div class=\"elementor-container elementor-column-gap-default\">\n\t\t\t\t\t<div class=\"elementor-column elementor-col-100 elementor-top-column elementor-element elementor-element-de0b553\" data-id=\"de0b553\" data-element_type=\"column\" data-e-type=\"column\">\n\t\t\t<div class=\"elementor-widget-wrap elementor-element-populated\">\n\t\t\t\t\t\t<div class=\"elementor-element elementor-element-d087b74 elementor-widget elementor-widget-spacer\" data-id=\"d087b74\" data-element_type=\"widget\" data-e-type=\"widget\" data-widget_type=\"spacer.default\">\n\t\t\t\t<div class=\"elementor-widget-container\">\n\t\t\t\t\t\t\t<div class=\"elementor-spacer\">\n\t\t\t<div class=\"elementor-spacer-inner\"><\/div>\n\t\t<\/div>\n\t\t\t\t\t\t<\/div>\n\t\t\t\t<\/div>\n\t\t\t\t\t<\/div>\n\t\t<\/div>\n\t\t\t\t\t<\/div>\n\t\t<\/section>\n\t\t\t\t<\/div>\n\t\t","protected":false},"excerpt":{"rendered":"<p>Contratar clientes de Haven El departamento de Ingresos y Desarrollo de Habilidades de Haven for Hope ayuda a conectar a los clientes de Haven con los empleadores. Nuestras personas tienen &hellip; <\/p>\n<p class=\"link-more\"><a href=\"https:\/\/www.havenforhope.org\/es\/empleo\/obras-de-refugio\/\" class=\"more-link\">Continuar leyendo<span class=\"screen-reader-text\"> \u00abobras de refugio\u00bb<\/span><\/a><\/p>\n","protected":false},"author":25,"featured_media":4647,"parent":5212,"menu_order":0,"comment_status":"closed","ping_status":"closed","template":"elementor_header_footer","meta":{"_acf_changed":false,"inline_featured_image":false,"footnotes":"","_links_to":"","_links_to_target":""},"class_list":["post-5285","page","type-page","status-publish","has-post-thumbnail","hentry"],"acf":[],"yoast_head":"<!-- This site is optimized with the Yoast SEO plugin v27.2 - https:\/\/yoast.com\/product\/yoast-seo-wordpress\/ -->\n<title>obras de refugio - Haven For Hope<\/title>\n<meta name=\"robots\" content=\"index, follow, max-snippet:-1, max-image-preview:large, max-video-preview:-1\" \/>\n<link rel=\"canonical\" href=\"https:\/\/www.havenforhope.org\/es\/empleo\/obras-de-refugio\/\" \/>\n<meta property=\"og:locale\" content=\"es_ES\" \/>\n<meta property=\"og:type\" content=\"article\" \/>\n<meta property=\"og:title\" content=\"obras de refugio - Haven For Hope\" \/>\n<meta property=\"og:description\" content=\"Contratar clientes de Haven El departamento de Ingresos y Desarrollo de Habilidades de Haven for Hope ayuda a conectar a los clientes de Haven con los empleadores. Nuestras personas tienen &hellip; Continuar leyendo &quot;obras de refugio&quot;\" \/>\n<meta property=\"og:url\" content=\"https:\/\/www.havenforhope.org\/es\/empleo\/obras-de-refugio\/\" \/>\n<meta property=\"og:site_name\" content=\"Haven For Hope\" \/>\n<meta property=\"article:modified_time\" content=\"2022-09-13T20:23:57+00:00\" \/>\n<meta property=\"og:image\" content=\"https:\/\/www.havenforhope.org\/wp-content\/uploads\/2018\/12\/Haven-07486-1024x576.jpg\" \/>\n\t<meta property=\"og:image:width\" content=\"1024\" \/>\n\t<meta property=\"og:image:height\" content=\"576\" \/>\n\t<meta property=\"og:image:type\" content=\"image\/jpeg\" \/>\n<meta name=\"twitter:card\" content=\"summary_large_image\" \/>\n<meta name=\"twitter:label1\" content=\"Tiempo de lectura\" \/>\n\t<meta name=\"twitter:data1\" content=\"1 minuto\" \/>\n<script type=\"application\/ld+json\" class=\"yoast-schema-graph\">{\"@context\":\"https:\/\/schema.org\",\"@graph\":[{\"@type\":\"WebPage\",\"@id\":\"https:\/\/www.havenforhope.org\/es\/empleo\/obras-de-refugio\/\",\"url\":\"https:\/\/www.havenforhope.org\/es\/empleo\/obras-de-refugio\/\",\"name\":\"obras de refugio - Haven For Hope\",\"isPartOf\":{\"@id\":\"https:\/\/www.havenforhope.org\/es\/#website\"},\"primaryImageOfPage\":{\"@id\":\"https:\/\/www.havenforhope.org\/es\/empleo\/obras-de-refugio\/#primaryimage\"},\"image\":{\"@id\":\"https:\/\/www.havenforhope.org\/es\/empleo\/obras-de-refugio\/#primaryimage\"},\"thumbnailUrl\":\"https:\/\/www.havenforhope.org\/wp-content\/uploads\/2018\/12\/Haven-07486-scaled.jpg\",\"datePublished\":\"2018-10-11T01:41:17+00:00\",\"dateModified\":\"2022-09-13T20:23:57+00:00\",\"breadcrumb\":{\"@id\":\"https:\/\/www.havenforhope.org\/es\/empleo\/obras-de-refugio\/#breadcrumb\"},\"inLanguage\":\"es\",\"potentialAction\":[{\"@type\":\"ReadAction\",\"target\":[\"https:\/\/www.havenforhope.org\/es\/empleo\/obras-de-refugio\/\"]}]},{\"@type\":\"ImageObject\",\"inLanguage\":\"es\",\"@id\":\"https:\/\/www.havenforhope.org\/es\/empleo\/obras-de-refugio\/#primaryimage\",\"url\":\"https:\/\/www.havenforhope.org\/wp-content\/uploads\/2018\/12\/Haven-07486-scaled.jpg\",\"contentUrl\":\"https:\/\/www.havenforhope.org\/wp-content\/uploads\/2018\/12\/Haven-07486-scaled.jpg\",\"width\":2560,\"height\":1440},{\"@type\":\"BreadcrumbList\",\"@id\":\"https:\/\/www.havenforhope.org\/es\/empleo\/obras-de-refugio\/#breadcrumb\",\"itemListElement\":[{\"@type\":\"ListItem\",\"position\":1,\"name\":\"Home\",\"item\":\"https:\/\/www.havenforhope.org\/es\/casa\/\"},{\"@type\":\"ListItem\",\"position\":2,\"name\":\"Empleo\",\"item\":\"https:\/\/www.havenforhope.org\/es\/empleo\/\"},{\"@type\":\"ListItem\",\"position\":3,\"name\":\"obras de refugio\"}]},{\"@type\":\"WebSite\",\"@id\":\"https:\/\/www.havenforhope.org\/es\/#website\",\"url\":\"https:\/\/www.havenforhope.org\/es\/\",\"name\":\"Haven For Hope\",\"description\":\"More than a Shelter, it is a Transformational Campus.\",\"publisher\":{\"@id\":\"https:\/\/www.havenforhope.org\/es\/#organization\"},\"potentialAction\":[{\"@type\":\"SearchAction\",\"target\":{\"@type\":\"EntryPoint\",\"urlTemplate\":\"https:\/\/www.havenforhope.org\/es\/?s={search_term_string}\"},\"query-input\":{\"@type\":\"PropertyValueSpecification\",\"valueRequired\":true,\"valueName\":\"search_term_string\"}}],\"inLanguage\":\"es\"},{\"@type\":\"Organization\",\"@id\":\"https:\/\/www.havenforhope.org\/es\/#organization\",\"name\":\"Haven For Hope\",\"url\":\"https:\/\/www.havenforhope.org\/es\/\",\"logo\":{\"@type\":\"ImageObject\",\"inLanguage\":\"es\",\"@id\":\"https:\/\/www.havenforhope.org\/es\/#\/schema\/logo\/image\/\",\"url\":\"https:\/\/www.havenforhope.org\/wp-content\/uploads\/2018\/10\/hope-blue.png\",\"contentUrl\":\"https:\/\/www.havenforhope.org\/wp-content\/uploads\/2018\/10\/hope-blue.png\",\"width\":797,\"height\":587,\"caption\":\"Haven For Hope\"},\"image\":{\"@id\":\"https:\/\/www.havenforhope.org\/es\/#\/schema\/logo\/image\/\"}}]}<\/script>\n<!-- \/ Yoast SEO plugin. -->","yoast_head_json":{"title":"obras de refugio - Haven For Hope","robots":{"index":"index","follow":"follow","max-snippet":"max-snippet:-1","max-image-preview":"max-image-preview:large","max-video-preview":"max-video-preview:-1"},"canonical":"https:\/\/www.havenforhope.org\/es\/empleo\/obras-de-refugio\/","og_locale":"es_ES","og_type":"article","og_title":"obras de refugio - Haven For Hope","og_description":"Contratar clientes de Haven El departamento de Ingresos y Desarrollo de Habilidades de Haven for Hope ayuda a conectar a los clientes de Haven con los empleadores. Nuestras personas tienen &hellip; Continuar leyendo \"obras de refugio\"","og_url":"https:\/\/www.havenforhope.org\/es\/empleo\/obras-de-refugio\/","og_site_name":"Haven For Hope","article_modified_time":"2022-09-13T20:23:57+00:00","og_image":[{"width":1024,"height":576,"url":"https:\/\/www.havenforhope.org\/wp-content\/uploads\/2018\/12\/Haven-07486-1024x576.jpg","type":"image\/jpeg"}],"twitter_card":"summary_large_image","twitter_misc":{"Tiempo de lectura":"1 minuto"},"schema":{"@context":"https:\/\/schema.org","@graph":[{"@type":"WebPage","@id":"https:\/\/www.havenforhope.org\/es\/empleo\/obras-de-refugio\/","url":"https:\/\/www.havenforhope.org\/es\/empleo\/obras-de-refugio\/","name":"obras de refugio - Haven For Hope","isPartOf":{"@id":"https:\/\/www.havenforhope.org\/es\/#website"},"primaryImageOfPage":{"@id":"https:\/\/www.havenforhope.org\/es\/empleo\/obras-de-refugio\/#primaryimage"},"image":{"@id":"https:\/\/www.havenforhope.org\/es\/empleo\/obras-de-refugio\/#primaryimage"},"thumbnailUrl":"https:\/\/www.havenforhope.org\/wp-content\/uploads\/2018\/12\/Haven-07486-scaled.jpg","datePublished":"2018-10-11T01:41:17+00:00","dateModified":"2022-09-13T20:23:57+00:00","breadcrumb":{"@id":"https:\/\/www.havenforhope.org\/es\/empleo\/obras-de-refugio\/#breadcrumb"},"inLanguage":"es","potentialAction":[{"@type":"ReadAction","target":["https:\/\/www.havenforhope.org\/es\/empleo\/obras-de-refugio\/"]}]},{"@type":"ImageObject","inLanguage":"es","@id":"https:\/\/www.havenforhope.org\/es\/empleo\/obras-de-refugio\/#primaryimage","url":"https:\/\/www.havenforhope.org\/wp-content\/uploads\/2018\/12\/Haven-07486-scaled.jpg","contentUrl":"https:\/\/www.havenforhope.org\/wp-content\/uploads\/2018\/12\/Haven-07486-scaled.jpg","width":2560,"height":1440},{"@type":"BreadcrumbList","@id":"https:\/\/www.havenforhope.org\/es\/empleo\/obras-de-refugio\/#breadcrumb","itemListElement":[{"@type":"ListItem","position":1,"name":"Home","item":"https:\/\/www.havenforhope.org\/es\/casa\/"},{"@type":"ListItem","position":2,"name":"Empleo","item":"https:\/\/www.havenforhope.org\/es\/empleo\/"},{"@type":"ListItem","position":3,"name":"obras de refugio"}]},{"@type":"WebSite","@id":"https:\/\/www.havenforhope.org\/es\/#website","url":"https:\/\/www.havenforhope.org\/es\/","name":"Haven For Hope","description":"More than a Shelter, it is a Transformational Campus.","publisher":{"@id":"https:\/\/www.havenforhope.org\/es\/#organization"},"potentialAction":[{"@type":"SearchAction","target":{"@type":"EntryPoint","urlTemplate":"https:\/\/www.havenforhope.org\/es\/?s={search_term_string}"},"query-input":{"@type":"PropertyValueSpecification","valueRequired":true,"valueName":"search_term_string"}}],"inLanguage":"es"},{"@type":"Organization","@id":"https:\/\/www.havenforhope.org\/es\/#organization","name":"Haven For Hope","url":"https:\/\/www.havenforhope.org\/es\/","logo":{"@type":"ImageObject","inLanguage":"es","@id":"https:\/\/www.havenforhope.org\/es\/#\/schema\/logo\/image\/","url":"https:\/\/www.havenforhope.org\/wp-content\/uploads\/2018\/10\/hope-blue.png","contentUrl":"https:\/\/www.havenforhope.org\/wp-content\/uploads\/2018\/10\/hope-blue.png","width":797,"height":587,"caption":"Haven For Hope"},"image":{"@id":"https:\/\/www.havenforhope.org\/es\/#\/schema\/logo\/image\/"}}]}},"_links":{"self":[{"href":"https:\/\/www.havenforhope.org\/es\/wp-json\/wp\/v2\/pages\/5285","targetHints":{"allow":["GET"]}}],"collection":[{"href":"https:\/\/www.havenforhope.org\/es\/wp-json\/wp\/v2\/pages"}],"about":[{"href":"https:\/\/www.havenforhope.org\/es\/wp-json\/wp\/v2\/types\/page"}],"author":[{"embeddable":true,"href":"https:\/\/www.havenforhope.org\/es\/wp-json\/wp\/v2\/users\/25"}],"replies":[{"embeddable":true,"href":"https:\/\/www.havenforhope.org\/es\/wp-json\/wp\/v2\/comments?post=5285"}],"version-history":[{"count":0,"href":"https:\/\/www.havenforhope.org\/es\/wp-json\/wp\/v2\/pages\/5285\/revisions"}],"up":[{"embeddable":true,"href":"https:\/\/www.havenforhope.org\/es\/wp-json\/wp\/v2\/pages\/5212"}],"wp:featuredmedia":[{"embeddable":true,"href":"https:\/\/www.havenforhope.org\/es\/wp-json\/wp\/v2\/media\/4647"}],"wp:attachment":[{"href":"https:\/\/www.havenforhope.org\/es\/wp-json\/wp\/v2\/media?parent=5285"}],"curies":[{"name":"wp","href":"https:\/\/api.w.org\/{rel}","templated":true}]}}