{"id":5290,"date":"2018-10-10T20:28:03","date_gmt":"2018-10-11T01:28:03","guid":{"rendered":"https:\/\/www.havenforhope.org\/acerca-de\/excursiones\/"},"modified":"2022-09-13T15:23:56","modified_gmt":"2022-09-13T20:23:56","slug":"excursiones","status":"publish","type":"page","link":"https:\/\/www.havenforhope.org\/es\/acerca-de\/excursiones\/","title":{"rendered":"Excursiones"},"content":{"rendered":"\t\t<div data-elementor-type=\"wp-post\" data-elementor-id=\"5290\" class=\"elementor elementor-5290 elementor-57\" data-elementor-post-type=\"page\">\n\t\t\t\t\t\t<section class=\"elementor-section elementor-top-section elementor-element elementor-element-604384fc elementor-section-stretched set-page-header-left elementor-section-height-min-height elementor-section-boxed elementor-section-height-default elementor-section-items-middle\" data-id=\"604384fc\" data-element_type=\"section\" data-e-type=\"section\" data-settings=\"{&quot;background_background&quot;:&quot;classic&quot;,&quot;stretch_section&quot;:&quot;section-stretched&quot;,&quot;jet_parallax_layout_list&quot;:[]}\">\n\t\t\t\t\t\t\t<div class=\"elementor-background-overlay\"><\/div>\n\t\t\t\t\t\t\t<div class=\"elementor-container elementor-column-gap-no\">\n\t\t\t\t\t<div class=\"elementor-column elementor-col-100 elementor-top-column elementor-element elementor-element-1ad4daff\" data-id=\"1ad4daff\" data-element_type=\"column\" data-e-type=\"column\" data-settings=\"{&quot;background_background&quot;:&quot;classic&quot;}\">\n\t\t\t<div class=\"elementor-widget-wrap elementor-element-populated\">\n\t\t\t\t\t\t<section class=\"elementor-section elementor-inner-section elementor-element elementor-element-26cadb63 elementor-section-full_width elementor-section-height-default elementor-section-height-default\" data-id=\"26cadb63\" data-element_type=\"section\" data-e-type=\"section\" data-settings=\"{&quot;jet_parallax_layout_list&quot;:[]}\">\n\t\t\t\t\t\t<div class=\"elementor-container elementor-column-gap-no\">\n\t\t\t\t\t<div class=\"elementor-column elementor-col-100 elementor-inner-column elementor-element elementor-element-e2615d0\" data-id=\"e2615d0\" data-element_type=\"column\" data-e-type=\"column\">\n\t\t\t<div class=\"elementor-widget-wrap elementor-element-populated\">\n\t\t\t\t\t\t<div class=\"elementor-element elementor-element-2e1fbf2 elementor-widget elementor-widget-menu-anchor\" data-id=\"2e1fbf2\" data-element_type=\"widget\" data-e-type=\"widget\" data-widget_type=\"menu-anchor.default\">\n\t\t\t\t<div class=\"elementor-widget-container\">\n\t\t\t\t\t\t\t<div class=\"elementor-menu-anchor\" id=\"visitavirtual\"><\/div>\n\t\t\t\t\t\t<\/div>\n\t\t\t\t<\/div>\n\t\t\t\t<div class=\"elementor-element elementor-element-3603eea4 elementor-widget elementor-widget-heading\" data-id=\"3603eea4\" data-element_type=\"widget\" data-e-type=\"widget\" data-widget_type=\"heading.default\">\n\t\t\t\t<div class=\"elementor-widget-container\">\n\t\t\t\t\t<h2 class=\"elementor-heading-title elementor-size-default\">Realice un recorrido virtual<\/h2>\t\t\t\t<\/div>\n\t\t\t\t<\/div>\n\t\t\t\t<div class=\"elementor-element elementor-element-14ad333e elementor-widget elementor-widget-text-editor\" data-id=\"14ad333e\" data-element_type=\"widget\" data-e-type=\"widget\" data-widget_type=\"text-editor.default\">\n\t\t\t\t<div class=\"elementor-widget-container\">\n\t\t\t\t\t\t\t\t\t<p>\u00bfNo puede venir a nuestro campus para hacer un recorrido? Echa un vistazo a este recorrido virtual. <\/p>\n\t\t\t\t\t\t\t\t<\/div>\n\t\t\t\t<\/div>\n\t\t\t\t<div class=\"elementor-element elementor-element-ab34443 elementor-widget elementor-widget-video\" data-id=\"ab34443\" data-element_type=\"widget\" data-e-type=\"widget\" data-settings=\"{&quot;youtube_url&quot;:&quot;https:\\\/\\\/youtu.be\\\/6FzfI6gPB0k&quot;,&quot;lazy_load&quot;:&quot;yes&quot;,&quot;video_type&quot;:&quot;youtube&quot;,&quot;controls&quot;:&quot;yes&quot;}\" data-widget_type=\"video.default\">\n\t\t\t\t<div class=\"elementor-widget-container\">\n\t\t\t\t\t\t\t<div class=\"elementor-wrapper elementor-open-inline\">\n\t\t\t<div class=\"elementor-video\"><\/div>\t\t<\/div>\n\t\t\t\t\t\t<\/div>\n\t\t\t\t<\/div>\n\t\t\t\t<div class=\"elementor-element elementor-element-32ca073 elementor-widget elementor-widget-spacer\" data-id=\"32ca073\" data-element_type=\"widget\" data-e-type=\"widget\" data-widget_type=\"spacer.default\">\n\t\t\t\t<div class=\"elementor-widget-container\">\n\t\t\t\t\t\t\t<div class=\"elementor-spacer\">\n\t\t\t<div class=\"elementor-spacer-inner\"><\/div>\n\t\t<\/div>\n\t\t\t\t\t\t<\/div>\n\t\t\t\t<\/div>\n\t\t\t\t<div class=\"elementor-element elementor-element-f6f1c13 elementor-widget elementor-widget-heading\" data-id=\"f6f1c13\" data-element_type=\"widget\" data-e-type=\"widget\" data-widget_type=\"heading.default\">\n\t\t\t\t<div class=\"elementor-widget-container\">\n\t\t\t\t\t<h2 class=\"elementor-heading-title elementor-size-default\">Haga una visita en persona<\/h2>\t\t\t\t<\/div>\n\t\t\t\t<\/div>\n\t\t\t\t<div class=\"elementor-element elementor-element-729c57f elementor-widget elementor-widget-text-editor\" data-id=\"729c57f\" data-element_type=\"widget\" data-e-type=\"widget\" data-widget_type=\"text-editor.default\">\n\t\t\t\t<div class=\"elementor-widget-container\">\n\t\t\t\t\t\t\t\t\t<p>\u00bfQuiere saber m\u00e1s sobre c\u00f3mo Haven for Hope est\u00e1 transformando vidas en San Antonio? Haga un recorrido por nuestro campus de 22 acres. Las visitas guiadas se ofrecen durante toda la semana y duran aproximadamente 90 minutos. El recorrido a pie, accesible para sillas de ruedas, ser\u00e1 informativo e inspirador. Los recorridos comienzan en el Centro de Voluntarios Carlos Alvarez ubicado en 1 Haven for Hope Way, San Antonio TX 78207.<\/p>\n<p><strong>Nota: Se requiere un documento de identidad v\u00e1lido para todas las visitas. <\/strong><\/p>\n\t\t\t\t\t\t\t\t<\/div>\n\t\t\t\t<\/div>\n\t\t\t\t<div class=\"elementor-element elementor-element-17f4a48 elementor-mobile-align-left elementor-align-center elementor-widget elementor-widget-button\" data-id=\"17f4a48\" data-element_type=\"widget\" data-e-type=\"widget\" data-widget_type=\"button.default\">\n\t\t\t\t<div class=\"elementor-widget-container\">\n\t\t\t\t\t\t\t\t\t<div class=\"elementor-button-wrapper\">\n\t\t\t\t\t<a class=\"elementor-button elementor-button-link elementor-size-sm\" href=\"https:\/\/www.tfaforms.com\/4912282\">\n\t\t\t\t\t\t<span class=\"elementor-button-content-wrapper\">\n\t\t\t\t\t\t\t\t\t<span class=\"elementor-button-text\">Reg\u00edstrese para un recorrido<\/span>\n\t\t\t\t\t<\/span>\n\t\t\t\t\t<\/a>\n\t\t\t\t<\/div>\n\t\t\t\t\t\t\t\t<\/div>\n\t\t\t\t<\/div>\n\t\t\t\t\t<\/div>\n\t\t<\/div>\n\t\t\t\t\t<\/div>\n\t\t<\/section>\n\t\t\t\t\t<\/div>\n\t\t<\/div>\n\t\t\t\t\t<\/div>\n\t\t<\/section>\n\t\t\t\t<\/div>\n\t\t","protected":false},"excerpt":{"rendered":"<p>Realice un recorrido virtual \u00bfNo puede venir a nuestro campus para hacer un recorrido? Echa un vistazo a este recorrido virtual. Haga una visita en persona \u00bfQuiere saber m\u00e1s sobre &hellip; <\/p>\n<p class=\"link-more\"><a href=\"https:\/\/www.havenforhope.org\/es\/acerca-de\/excursiones\/\" class=\"more-link\">Continuar leyendo<span class=\"screen-reader-text\"> \u00abExcursiones\u00bb<\/span><\/a><\/p>\n","protected":false},"author":25,"featured_media":5097,"parent":5130,"menu_order":0,"comment_status":"closed","ping_status":"closed","template":"elementor_header_footer","meta":{"_acf_changed":false,"inline_featured_image":false,"footnotes":"","_links_to":"","_links_to_target":""},"class_list":["post-5290","page","type-page","status-publish","has-post-thumbnail","hentry"],"acf":[],"yoast_head":"<!-- This site is optimized with the Yoast SEO plugin v27.2 - https:\/\/yoast.com\/product\/yoast-seo-wordpress\/ -->\n<title>Excursiones - Haven For Hope<\/title>\n<meta name=\"robots\" content=\"index, follow, max-snippet:-1, max-image-preview:large, max-video-preview:-1\" \/>\n<link rel=\"canonical\" href=\"https:\/\/www.havenforhope.org\/es\/acerca-de\/excursiones\/\" \/>\n<meta property=\"og:locale\" content=\"es_ES\" \/>\n<meta property=\"og:type\" content=\"article\" \/>\n<meta property=\"og:title\" content=\"Excursiones - Haven For Hope\" \/>\n<meta property=\"og:description\" content=\"Realice un recorrido virtual \u00bfNo puede venir a nuestro campus para hacer un recorrido? Echa un vistazo a este recorrido virtual. Haga una visita en persona \u00bfQuiere saber m\u00e1s sobre &hellip; Continuar leyendo &quot;Excursiones&quot;\" \/>\n<meta property=\"og:url\" content=\"https:\/\/www.havenforhope.org\/es\/acerca-de\/excursiones\/\" \/>\n<meta property=\"og:site_name\" content=\"Haven For Hope\" \/>\n<meta property=\"article:modified_time\" content=\"2022-09-13T20:23:56+00:00\" \/>\n<meta property=\"og:image\" content=\"https:\/\/www.havenforhope.org\/wp-content\/uploads\/2022\/07\/Tours.png\" \/>\n\t<meta property=\"og:image:width\" content=\"940\" \/>\n\t<meta property=\"og:image:height\" content=\"788\" \/>\n\t<meta property=\"og:image:type\" content=\"image\/png\" \/>\n<meta name=\"twitter:card\" content=\"summary_large_image\" \/>\n<meta name=\"twitter:label1\" content=\"Tiempo de lectura\" \/>\n\t<meta name=\"twitter:data1\" content=\"1 minuto\" \/>\n<script type=\"application\/ld+json\" class=\"yoast-schema-graph\">{\"@context\":\"https:\/\/schema.org\",\"@graph\":[{\"@type\":\"WebPage\",\"@id\":\"https:\/\/www.havenforhope.org\/es\/acerca-de\/excursiones\/\",\"url\":\"https:\/\/www.havenforhope.org\/es\/acerca-de\/excursiones\/\",\"name\":\"Excursiones - Haven For Hope\",\"isPartOf\":{\"@id\":\"https:\/\/www.havenforhope.org\/es\/#website\"},\"primaryImageOfPage\":{\"@id\":\"https:\/\/www.havenforhope.org\/es\/acerca-de\/excursiones\/#primaryimage\"},\"image\":{\"@id\":\"https:\/\/www.havenforhope.org\/es\/acerca-de\/excursiones\/#primaryimage\"},\"thumbnailUrl\":\"https:\/\/www.havenforhope.org\/wp-content\/uploads\/2022\/07\/Tours.png\",\"datePublished\":\"2018-10-11T01:28:03+00:00\",\"dateModified\":\"2022-09-13T20:23:56+00:00\",\"breadcrumb\":{\"@id\":\"https:\/\/www.havenforhope.org\/es\/acerca-de\/excursiones\/#breadcrumb\"},\"inLanguage\":\"es\",\"potentialAction\":[{\"@type\":\"ReadAction\",\"target\":[\"https:\/\/www.havenforhope.org\/es\/acerca-de\/excursiones\/\"]}]},{\"@type\":\"ImageObject\",\"inLanguage\":\"es\",\"@id\":\"https:\/\/www.havenforhope.org\/es\/acerca-de\/excursiones\/#primaryimage\",\"url\":\"https:\/\/www.havenforhope.org\/wp-content\/uploads\/2022\/07\/Tours.png\",\"contentUrl\":\"https:\/\/www.havenforhope.org\/wp-content\/uploads\/2022\/07\/Tours.png\",\"width\":940,\"height\":788},{\"@type\":\"BreadcrumbList\",\"@id\":\"https:\/\/www.havenforhope.org\/es\/acerca-de\/excursiones\/#breadcrumb\",\"itemListElement\":[{\"@type\":\"ListItem\",\"position\":1,\"name\":\"Home\",\"item\":\"https:\/\/www.havenforhope.org\/es\/casa\/\"},{\"@type\":\"ListItem\",\"position\":2,\"name\":\"Acerca de\",\"item\":\"https:\/\/www.havenforhope.org\/es\/acerca-de\/\"},{\"@type\":\"ListItem\",\"position\":3,\"name\":\"Excursiones\"}]},{\"@type\":\"WebSite\",\"@id\":\"https:\/\/www.havenforhope.org\/es\/#website\",\"url\":\"https:\/\/www.havenforhope.org\/es\/\",\"name\":\"Haven For Hope\",\"description\":\"More than a Shelter, it is a Transformational Campus.\",\"publisher\":{\"@id\":\"https:\/\/www.havenforhope.org\/es\/#organization\"},\"potentialAction\":[{\"@type\":\"SearchAction\",\"target\":{\"@type\":\"EntryPoint\",\"urlTemplate\":\"https:\/\/www.havenforhope.org\/es\/?s={search_term_string}\"},\"query-input\":{\"@type\":\"PropertyValueSpecification\",\"valueRequired\":true,\"valueName\":\"search_term_string\"}}],\"inLanguage\":\"es\"},{\"@type\":\"Organization\",\"@id\":\"https:\/\/www.havenforhope.org\/es\/#organization\",\"name\":\"Haven For Hope\",\"url\":\"https:\/\/www.havenforhope.org\/es\/\",\"logo\":{\"@type\":\"ImageObject\",\"inLanguage\":\"es\",\"@id\":\"https:\/\/www.havenforhope.org\/es\/#\/schema\/logo\/image\/\",\"url\":\"https:\/\/www.havenforhope.org\/wp-content\/uploads\/2018\/10\/hope-blue.png\",\"contentUrl\":\"https:\/\/www.havenforhope.org\/wp-content\/uploads\/2018\/10\/hope-blue.png\",\"width\":797,\"height\":587,\"caption\":\"Haven For Hope\"},\"image\":{\"@id\":\"https:\/\/www.havenforhope.org\/es\/#\/schema\/logo\/image\/\"}}]}<\/script>\n<!-- \/ Yoast SEO plugin. -->","yoast_head_json":{"title":"Excursiones - Haven For Hope","robots":{"index":"index","follow":"follow","max-snippet":"max-snippet:-1","max-image-preview":"max-image-preview:large","max-video-preview":"max-video-preview:-1"},"canonical":"https:\/\/www.havenforhope.org\/es\/acerca-de\/excursiones\/","og_locale":"es_ES","og_type":"article","og_title":"Excursiones - Haven For Hope","og_description":"Realice un recorrido virtual \u00bfNo puede venir a nuestro campus para hacer un recorrido? Echa un vistazo a este recorrido virtual. Haga una visita en persona \u00bfQuiere saber m\u00e1s sobre &hellip; Continuar leyendo \"Excursiones\"","og_url":"https:\/\/www.havenforhope.org\/es\/acerca-de\/excursiones\/","og_site_name":"Haven For Hope","article_modified_time":"2022-09-13T20:23:56+00:00","og_image":[{"width":940,"height":788,"url":"https:\/\/www.havenforhope.org\/wp-content\/uploads\/2022\/07\/Tours.png","type":"image\/png"}],"twitter_card":"summary_large_image","twitter_misc":{"Tiempo de lectura":"1 minuto"},"schema":{"@context":"https:\/\/schema.org","@graph":[{"@type":"WebPage","@id":"https:\/\/www.havenforhope.org\/es\/acerca-de\/excursiones\/","url":"https:\/\/www.havenforhope.org\/es\/acerca-de\/excursiones\/","name":"Excursiones - Haven For Hope","isPartOf":{"@id":"https:\/\/www.havenforhope.org\/es\/#website"},"primaryImageOfPage":{"@id":"https:\/\/www.havenforhope.org\/es\/acerca-de\/excursiones\/#primaryimage"},"image":{"@id":"https:\/\/www.havenforhope.org\/es\/acerca-de\/excursiones\/#primaryimage"},"thumbnailUrl":"https:\/\/www.havenforhope.org\/wp-content\/uploads\/2022\/07\/Tours.png","datePublished":"2018-10-11T01:28:03+00:00","dateModified":"2022-09-13T20:23:56+00:00","breadcrumb":{"@id":"https:\/\/www.havenforhope.org\/es\/acerca-de\/excursiones\/#breadcrumb"},"inLanguage":"es","potentialAction":[{"@type":"ReadAction","target":["https:\/\/www.havenforhope.org\/es\/acerca-de\/excursiones\/"]}]},{"@type":"ImageObject","inLanguage":"es","@id":"https:\/\/www.havenforhope.org\/es\/acerca-de\/excursiones\/#primaryimage","url":"https:\/\/www.havenforhope.org\/wp-content\/uploads\/2022\/07\/Tours.png","contentUrl":"https:\/\/www.havenforhope.org\/wp-content\/uploads\/2022\/07\/Tours.png","width":940,"height":788},{"@type":"BreadcrumbList","@id":"https:\/\/www.havenforhope.org\/es\/acerca-de\/excursiones\/#breadcrumb","itemListElement":[{"@type":"ListItem","position":1,"name":"Home","item":"https:\/\/www.havenforhope.org\/es\/casa\/"},{"@type":"ListItem","position":2,"name":"Acerca de","item":"https:\/\/www.havenforhope.org\/es\/acerca-de\/"},{"@type":"ListItem","position":3,"name":"Excursiones"}]},{"@type":"WebSite","@id":"https:\/\/www.havenforhope.org\/es\/#website","url":"https:\/\/www.havenforhope.org\/es\/","name":"Haven For Hope","description":"More than a Shelter, it is a Transformational Campus.","publisher":{"@id":"https:\/\/www.havenforhope.org\/es\/#organization"},"potentialAction":[{"@type":"SearchAction","target":{"@type":"EntryPoint","urlTemplate":"https:\/\/www.havenforhope.org\/es\/?s={search_term_string}"},"query-input":{"@type":"PropertyValueSpecification","valueRequired":true,"valueName":"search_term_string"}}],"inLanguage":"es"},{"@type":"Organization","@id":"https:\/\/www.havenforhope.org\/es\/#organization","name":"Haven For Hope","url":"https:\/\/www.havenforhope.org\/es\/","logo":{"@type":"ImageObject","inLanguage":"es","@id":"https:\/\/www.havenforhope.org\/es\/#\/schema\/logo\/image\/","url":"https:\/\/www.havenforhope.org\/wp-content\/uploads\/2018\/10\/hope-blue.png","contentUrl":"https:\/\/www.havenforhope.org\/wp-content\/uploads\/2018\/10\/hope-blue.png","width":797,"height":587,"caption":"Haven For Hope"},"image":{"@id":"https:\/\/www.havenforhope.org\/es\/#\/schema\/logo\/image\/"}}]}},"_links":{"self":[{"href":"https:\/\/www.havenforhope.org\/es\/wp-json\/wp\/v2\/pages\/5290","targetHints":{"allow":["GET"]}}],"collection":[{"href":"https:\/\/www.havenforhope.org\/es\/wp-json\/wp\/v2\/pages"}],"about":[{"href":"https:\/\/www.havenforhope.org\/es\/wp-json\/wp\/v2\/types\/page"}],"author":[{"embeddable":true,"href":"https:\/\/www.havenforhope.org\/es\/wp-json\/wp\/v2\/users\/25"}],"replies":[{"embeddable":true,"href":"https:\/\/www.havenforhope.org\/es\/wp-json\/wp\/v2\/comments?post=5290"}],"version-history":[{"count":0,"href":"https:\/\/www.havenforhope.org\/es\/wp-json\/wp\/v2\/pages\/5290\/revisions"}],"up":[{"embeddable":true,"href":"https:\/\/www.havenforhope.org\/es\/wp-json\/wp\/v2\/pages\/5130"}],"wp:featuredmedia":[{"embeddable":true,"href":"https:\/\/www.havenforhope.org\/es\/wp-json\/wp\/v2\/media\/5097"}],"wp:attachment":[{"href":"https:\/\/www.havenforhope.org\/es\/wp-json\/wp\/v2\/media?parent=5290"}],"curies":[{"name":"wp","href":"https:\/\/api.w.org\/{rel}","templated":true}]}}