{"id":5300,"date":"2018-10-10T20:27:33","date_gmt":"2018-10-11T01:27:33","guid":{"rendered":"https:\/\/www.havenforhope.org\/?page_id=5300"},"modified":"2022-10-27T16:42:14","modified_gmt":"2022-10-27T21:42:14","slug":"our-approach-moving-toward-independence-through-trauma-informed-care","status":"publish","type":"page","link":"https:\/\/www.havenforhope.org\/es\/acerca-de\/our-approach-moving-toward-independence-through-trauma-informed-care\/","title":{"rendered":"Nuestro enfoque <span class=\"subtitle\">hacia la independencia a trav\u00e9s de la atenci\u00f3n informada sobre el trauma<\/span>"},"content":{"rendered":"\t\t<div data-elementor-type=\"wp-post\" data-elementor-id=\"5300\" class=\"elementor elementor-5300 elementor-52\" data-elementor-post-type=\"page\">\n\t\t\t\t\t\t<section class=\"elementor-section elementor-top-section elementor-element elementor-element-6284f87 elementor-section-boxed elementor-section-height-default elementor-section-height-default\" data-id=\"6284f87\" data-element_type=\"section\" data-e-type=\"section\" data-settings=\"{&quot;jet_parallax_layout_list&quot;:[]}\">\n\t\t\t\t\t\t<div class=\"elementor-container elementor-column-gap-default\">\n\t\t\t\t\t<div class=\"elementor-column elementor-col-100 elementor-top-column elementor-element elementor-element-6550c1e\" data-id=\"6550c1e\" data-element_type=\"column\" data-e-type=\"column\">\n\t\t\t<div class=\"elementor-widget-wrap elementor-element-populated\">\n\t\t\t\t\t\t<div class=\"elementor-element elementor-element-8814d5d elementor-widget elementor-widget-heading\" data-id=\"8814d5d\" data-element_type=\"widget\" data-e-type=\"widget\" data-widget_type=\"heading.default\">\n\t\t\t\t<div class=\"elementor-widget-container\">\n\t\t\t\t\t<h2 class=\"elementor-heading-title elementor-size-default\">ESTADO DE LA MISI\u00d3N <\/h2>\t\t\t\t<\/div>\n\t\t\t\t<\/div>\n\t\t\t\t<div class=\"elementor-element elementor-element-4964e32 elementor-widget elementor-widget-text-editor\" data-id=\"4964e32\" data-element_type=\"widget\" data-e-type=\"widget\" data-widget_type=\"text-editor.default\">\n\t\t\t\t<div class=\"elementor-widget-container\">\n\t\t\t\t\t\t\t\t\t<p>La misi\u00f3n de Haven for Hope es ofrecer un lugar de esperanza y nuevos comienzos. <span style=\"color: #0067a4; font-weight: 400; letter-spacing: normal;\">Hacemos esto proporcionando, coordinando y brindando un sistema eficiente de atenci\u00f3n para las personas sin hogar en San Antonio.<\/span><\/p>\n\t\t\t\t\t\t\t\t<\/div>\n\t\t\t\t<\/div>\n\t\t\t\t<div class=\"elementor-element elementor-element-0beeea1 elementor-widget-divider--view-line elementor-widget elementor-widget-divider\" data-id=\"0beeea1\" data-element_type=\"widget\" data-e-type=\"widget\" data-widget_type=\"divider.default\">\n\t\t\t\t<div class=\"elementor-widget-container\">\n\t\t\t\t\t\t\t<div class=\"elementor-divider\">\n\t\t\t<span class=\"elementor-divider-separator\">\n\t\t\t\t\t\t<\/span>\n\t\t<\/div>\n\t\t\t\t\t\t<\/div>\n\t\t\t\t<\/div>\n\t\t\t\t<div class=\"elementor-element elementor-element-3f1c5fb elementor-widget elementor-widget-heading\" data-id=\"3f1c5fb\" data-element_type=\"widget\" data-e-type=\"widget\" data-widget_type=\"heading.default\">\n\t\t\t\t<div class=\"elementor-widget-container\">\n\t\t\t\t\t<h2 class=\"elementor-heading-title elementor-size-default\">ACERCARSE<\/h2>\t\t\t\t<\/div>\n\t\t\t\t<\/div>\n\t\t\t\t<div class=\"elementor-element elementor-element-dca201e elementor-widget elementor-widget-text-editor\" data-id=\"dca201e\" data-element_type=\"widget\" data-e-type=\"widget\" data-widget_type=\"text-editor.default\">\n\t\t\t\t<div class=\"elementor-widget-container\">\n\t\t\t\t\t\t\t\t\t<p>Haven for Hope y nuestros socios abordan las causas fundamentales de la falta de vivienda al ofrecer programaci\u00f3n adaptada a las necesidades espec\u00edficas del individuo. Nuestro enfoque est\u00e1 centrado en la persona, informado sobre el trauma y orientado a la recuperaci\u00f3n. El objetivo es conocer a las personas donde est\u00e1n y apoyarlas a medida que avanzan hacia la autosuficiencia.<\/p>\n\t\t\t\t\t\t\t\t<\/div>\n\t\t\t\t<\/div>\n\t\t\t\t<div class=\"elementor-element elementor-element-1b6b3ab elementor-widget elementor-widget-text-editor\" data-id=\"1b6b3ab\" data-element_type=\"widget\" data-e-type=\"widget\" data-widget_type=\"text-editor.default\">\n\t\t\t\t<div class=\"elementor-widget-container\">\n\t\t\t\t\t\t\t\t\tDescargue nuestro folleto Haven for Hope <a style=\"color: #4ca3d9;\" href=\"https:\/\/www.havenforhope.org\/wp-content\/uploads\/2018\/11\/H4H_Tri_Fold_MAY2018.pdf\" target=\"_blank\" rel=\"noopener\">aqu\u00ed<\/a><\/span>\n\t\t\t\t\t\t\t\t<\/div>\n\t\t\t\t<\/div>\n\t\t\t\t<div class=\"elementor-element elementor-element-93fdb1f elementor-widget-divider--view-line elementor-widget elementor-widget-divider\" data-id=\"93fdb1f\" data-element_type=\"widget\" data-e-type=\"widget\" data-widget_type=\"divider.default\">\n\t\t\t\t<div class=\"elementor-widget-container\">\n\t\t\t\t\t\t\t<div class=\"elementor-divider\">\n\t\t\t<span class=\"elementor-divider-separator\">\n\t\t\t\t\t\t<\/span>\n\t\t<\/div>\n\t\t\t\t\t\t<\/div>\n\t\t\t\t<\/div>\n\t\t\t\t\t<\/div>\n\t\t<\/div>\n\t\t\t\t\t<\/div>\n\t\t<\/section>\n\t\t\t\t<section class=\"elementor-section elementor-top-section elementor-element elementor-element-f44da92 remove-padding elementor-section-boxed elementor-section-height-default elementor-section-height-default\" data-id=\"f44da92\" data-element_type=\"section\" data-e-type=\"section\" data-settings=\"{&quot;jet_parallax_layout_list&quot;:[]}\">\n\t\t\t\t\t\t<div class=\"elementor-container elementor-column-gap-default\">\n\t\t\t\t\t<div class=\"elementor-column elementor-col-100 elementor-top-column elementor-element elementor-element-511c99f\" data-id=\"511c99f\" data-element_type=\"column\" data-e-type=\"column\">\n\t\t\t<div class=\"elementor-widget-wrap elementor-element-populated\">\n\t\t\t\t\t\t<div class=\"elementor-element elementor-element-6040958 elementor-widget elementor-widget-heading\" data-id=\"6040958\" data-element_type=\"widget\" data-e-type=\"widget\" data-widget_type=\"heading.default\">\n\t\t\t\t<div class=\"elementor-widget-container\">\n\t\t\t\t\t<h2 class=\"elementor-heading-title elementor-size-default\">NUESTROS <span>VALORES<\/span> FUNDAMENTALES<\/h2>\t\t\t\t<\/div>\n\t\t\t\t<\/div>\n\t\t\t\t<div class=\"elementor-element elementor-element-b2c89a0 elementor-widget elementor-widget-spacer\" data-id=\"b2c89a0\" data-element_type=\"widget\" data-e-type=\"widget\" data-widget_type=\"spacer.default\">\n\t\t\t\t<div class=\"elementor-widget-container\">\n\t\t\t\t\t\t\t<div class=\"elementor-spacer\">\n\t\t\t<div class=\"elementor-spacer-inner\"><\/div>\n\t\t<\/div>\n\t\t\t\t\t\t<\/div>\n\t\t\t\t<\/div>\n\t\t\t\t<div class=\"elementor-element elementor-element-fc11cbe elementor-widget elementor-widget-text-editor\" data-id=\"fc11cbe\" data-element_type=\"widget\" data-e-type=\"widget\" data-widget_type=\"text-editor.default\">\n\t\t\t\t<div class=\"elementor-widget-container\">\n\t\t\t\t\t\t\t\t\t<p>COMPASI\u00d3N RADICAL<\/p>\n\t\t\t\t\t\t\t\t<\/div>\n\t\t\t\t<\/div>\n\t\t\t\t<div class=\"elementor-element elementor-element-2bd5637 elementor-widget elementor-widget-text-editor\" data-id=\"2bd5637\" data-element_type=\"widget\" data-e-type=\"widget\" data-widget_type=\"text-editor.default\">\n\t\t\t\t<div class=\"elementor-widget-container\">\n\t\t\t\t\t\t\t\t\t<p>Mostramos respeto, amabilidad y paciencia en la forma en que hablamos, vemos y servimos<\/p>\n\t\t\t\t\t\t\t\t<\/div>\n\t\t\t\t<\/div>\n\t\t\t\t<div class=\"elementor-element elementor-element-d1b6080 elementor-widget elementor-widget-text-editor\" data-id=\"d1b6080\" data-element_type=\"widget\" data-e-type=\"widget\" data-widget_type=\"text-editor.default\">\n\t\t\t\t<div class=\"elementor-widget-container\">\n\t\t\t\t\t\t\t\t\t<p>TENEMOS CORAZON <i class=\"fa fa-heart\" aria-hidden=\"true\"><\/i><\/p>\n\t\t\t\t\t\t\t\t<\/div>\n\t\t\t\t<\/div>\n\t\t\t\t<div class=\"elementor-element elementor-element-20331bb elementor-widget elementor-widget-heading\" data-id=\"20331bb\" data-element_type=\"widget\" data-e-type=\"widget\" data-widget_type=\"heading.default\">\n\t\t\t\t<div class=\"elementor-widget-container\">\n\t\t\t\t\t<h2 class=\"elementor-heading-title elementor-size-default\">Liderazgo de servicio<\/h2>\t\t\t\t<\/div>\n\t\t\t\t<\/div>\n\t\t\t\t<div class=\"elementor-element elementor-element-f123520 elementor-widget elementor-widget-text-editor\" data-id=\"f123520\" data-element_type=\"widget\" data-e-type=\"widget\" data-widget_type=\"text-editor.default\">\n\t\t\t\t<div class=\"elementor-widget-container\">\n\t\t\t\t\t\t\t\t\t<p>Modelamos nuestra misi\u00f3n poniendo a los dem\u00e1s primero<\/p>\n\t\t\t\t\t\t\t\t<\/div>\n\t\t\t\t<\/div>\n\t\t\t\t<div class=\"elementor-element elementor-element-1a203f9 elementor-widget elementor-widget-text-editor\" data-id=\"1a203f9\" data-element_type=\"widget\" data-e-type=\"widget\" data-widget_type=\"text-editor.default\">\n\t\t\t\t<div class=\"elementor-widget-container\">\n\t\t\t\t\t\t\t\t\t<p>NOSOTROS ANTES DE MI <i class=\"fa fa-group\" aria-hidden=\"true\"><\/i><\/p>\n\t\t\t\t\t\t\t\t<\/div>\n\t\t\t\t<\/div>\n\t\t\t\t<div class=\"elementor-element elementor-element-ed4a7c0 elementor-widget elementor-widget-heading\" data-id=\"ed4a7c0\" data-element_type=\"widget\" data-e-type=\"widget\" data-widget_type=\"heading.default\">\n\t\t\t\t<div class=\"elementor-widget-container\">\n\t\t\t\t\t<h2 class=\"elementor-heading-title elementor-size-default\">IMPULSADO POR LA ESPERANZA<\/h2>\t\t\t\t<\/div>\n\t\t\t\t<\/div>\n\t\t\t\t<div class=\"elementor-element elementor-element-efc6483 elementor-widget elementor-widget-text-editor\" data-id=\"efc6483\" data-element_type=\"widget\" data-e-type=\"widget\" data-widget_type=\"text-editor.default\">\n\t\t\t\t<div class=\"elementor-widget-container\">\n\t\t\t\t\t\t\t\t\t<p>Actuamos como pioneros y adoptamos la innovaci\u00f3n.<\/p>\n\t\t\t\t\t\t\t\t<\/div>\n\t\t\t\t<\/div>\n\t\t\t\t<div class=\"elementor-element elementor-element-3905787 elementor-widget elementor-widget-text-editor\" data-id=\"3905787\" data-element_type=\"widget\" data-e-type=\"widget\" data-widget_type=\"text-editor.default\">\n\t\t\t\t<div class=\"elementor-widget-container\">\n\t\t\t\t\t\t\t\t\t<p>\u00a1SOMOS GENTE DE POSIBILIDAD! <i class=\"fa fa-rocket\" aria-hidden=\"true\"><\/i><\/p>\n\t\t\t\t\t\t\t\t<\/div>\n\t\t\t\t<\/div>\n\t\t\t\t<div class=\"elementor-element elementor-element-78dc835 elementor-widget elementor-widget-text-editor\" data-id=\"78dc835\" data-element_type=\"widget\" data-e-type=\"widget\" data-widget_type=\"text-editor.default\">\n\t\t\t\t<div class=\"elementor-widget-container\">\n\t\t\t\t\t\t\t\t\t<p>B\u00daSQUEDA DE LA EXCELENCIA<\/p>\n\t\t\t\t\t\t\t\t<\/div>\n\t\t\t\t<\/div>\n\t\t\t\t<div class=\"elementor-element elementor-element-0748688 elementor-widget elementor-widget-text-editor\" data-id=\"0748688\" data-element_type=\"widget\" data-e-type=\"widget\" data-widget_type=\"text-editor.default\">\n\t\t\t\t<div class=\"elementor-widget-container\">\n\t\t\t\t\t\t\t\t\t<p>Buscamos lo mejor en nuestro trabajo y relaciones.<\/p>\n\t\t\t\t\t\t\t\t<\/div>\n\t\t\t\t<\/div>\n\t\t\t\t<div class=\"elementor-element elementor-element-3e2a748 elementor-widget elementor-widget-text-editor\" data-id=\"3e2a748\" data-element_type=\"widget\" data-e-type=\"widget\" data-widget_type=\"text-editor.default\">\n\t\t\t\t<div class=\"elementor-widget-container\">\n\t\t\t\t\t\t\t\t\t<p>NO NOS CONFORMAMOS <i class=\"fa fa-star\" aria-hidden=\"true\"><\/i><\/p>\n\t\t\t\t\t\t\t\t<\/div>\n\t\t\t\t<\/div>\n\t\t\t\t<div class=\"elementor-element elementor-element-fbaad92 elementor-widget-divider--view-line elementor-widget elementor-widget-divider\" data-id=\"fbaad92\" data-element_type=\"widget\" data-e-type=\"widget\" data-widget_type=\"divider.default\">\n\t\t\t\t<div class=\"elementor-widget-container\">\n\t\t\t\t\t\t\t<div class=\"elementor-divider\">\n\t\t\t<span class=\"elementor-divider-separator\">\n\t\t\t\t\t\t<\/span>\n\t\t<\/div>\n\t\t\t\t\t\t<\/div>\n\t\t\t\t<\/div>\n\t\t\t\t<div class=\"elementor-element elementor-element-49a5373 elementor-widget elementor-widget-text-editor\" data-id=\"49a5373\" data-element_type=\"widget\" data-e-type=\"widget\" data-widget_type=\"text-editor.default\">\n\t\t\t\t<div class=\"elementor-widget-container\">\n\t\t\t\t\t\t\t\t\t<p>Haven for Hope es un campus inclusivo. No discriminamos, en la admisi\u00f3n a nuestro Campus o la prestaci\u00f3n de servicios, por motivos de raza, color, religi\u00f3n, origen nacional, sexo, orientaci\u00f3n sexual, identidad de g\u00e9nero, condici\u00f3n de veterano, edad o discapacidad. Tambi\u00e9n somos un empleador que ofrece igualdad de oportunidades. A ning\u00fan empleado o posible empleado de Haven for Hope se le negar\u00e1 el empleo o una promoci\u00f3n debido a su raza, color, religi\u00f3n, discapacidad, sexo, orientaci\u00f3n sexual, identidad de g\u00e9nero, condici\u00f3n de veterano, edad u origen nacional.<\/p>\n\t\t\t\t\t\t\t\t<\/div>\n\t\t\t\t<\/div>\n\t\t\t\t\t<\/div>\n\t\t<\/div>\n\t\t\t\t\t<\/div>\n\t\t<\/section>\n\t\t\t\t<\/div>\n\t\t","protected":false},"excerpt":{"rendered":"<p>ESTADO DE LA MISI\u00d3N La misi\u00f3n de Haven for Hope es ofrecer un lugar de esperanza y nuevos comienzos. Hacemos esto proporcionando, coordinando y brindando un sistema eficiente de atenci\u00f3n &hellip; <\/p>\n<p class=\"link-more\"><a href=\"https:\/\/www.havenforhope.org\/es\/acerca-de\/our-approach-moving-toward-independence-through-trauma-informed-care\/\" class=\"more-link\">Continuar leyendo<span class=\"screen-reader-text\"> \u00abNuestro enfoque <span class=\"subtitle\">hacia la independencia a trav\u00e9s de la atenci\u00f3n informada sobre el trauma<\/span>\u00ab<\/span><\/a><\/p>\n","protected":false},"author":25,"featured_media":4652,"parent":5130,"menu_order":0,"comment_status":"closed","ping_status":"closed","template":"elementor_header_footer","meta":{"_acf_changed":false,"inline_featured_image":false,"footnotes":"","_links_to":"","_links_to_target":""},"class_list":["post-5300","page","type-page","status-publish","has-post-thumbnail","hentry"],"acf":[],"yoast_head":"<!-- This site is optimized with the Yoast SEO plugin v27.2 - https:\/\/yoast.com\/product\/yoast-seo-wordpress\/ -->\n<title>Nuestro enfoque hacia la independencia a trav\u00e9s de la atenci\u00f3n informada sobre el trauma<\/title>\n<meta name=\"description\" content=\"Nuestros valores fundamentales. Compasi\u00f3n Radical | Mostramos respeto, amabilidad y paciencia en la forma en que hablamos, vemos y servimos. Tenemos Coraz\u00f3n.\" \/>\n<meta name=\"robots\" content=\"index, follow, max-snippet:-1, max-image-preview:large, max-video-preview:-1\" \/>\n<link rel=\"canonical\" href=\"https:\/\/www.havenforhope.org\/es\/acerca-de\/our-approach-moving-toward-independence-through-trauma-informed-care\/\" \/>\n<meta property=\"og:locale\" content=\"es_ES\" \/>\n<meta property=\"og:type\" content=\"article\" \/>\n<meta property=\"og:title\" content=\"Nuestro enfoque hacia la independencia a trav\u00e9s de la atenci\u00f3n informada sobre el trauma\" \/>\n<meta property=\"og:description\" content=\"Nuestros valores fundamentales. Compasi\u00f3n Radical | Mostramos respeto, amabilidad y paciencia en la forma en que hablamos, vemos y servimos. Tenemos Coraz\u00f3n.\" \/>\n<meta property=\"og:url\" content=\"https:\/\/www.havenforhope.org\/es\/acerca-de\/our-approach-moving-toward-independence-through-trauma-informed-care\/\" \/>\n<meta property=\"og:site_name\" content=\"Haven For Hope\" \/>\n<meta property=\"article:modified_time\" content=\"2022-10-27T21:42:14+00:00\" \/>\n<meta property=\"og:image\" content=\"https:\/\/www.havenforhope.org\/wp-content\/uploads\/2019\/01\/IMG_9532-e1546462232954.jpg\" \/>\n\t<meta property=\"og:image:width\" content=\"1600\" \/>\n\t<meta property=\"og:image:height\" content=\"500\" \/>\n\t<meta property=\"og:image:type\" content=\"image\/jpeg\" \/>\n<meta name=\"twitter:card\" content=\"summary_large_image\" \/>\n<meta name=\"twitter:label1\" content=\"Tiempo de lectura\" \/>\n\t<meta name=\"twitter:data1\" content=\"2 minutos\" \/>\n<script type=\"application\/ld+json\" class=\"yoast-schema-graph\">{\"@context\":\"https:\/\/schema.org\",\"@graph\":[{\"@type\":\"WebPage\",\"@id\":\"https:\/\/www.havenforhope.org\/es\/acerca-de\/our-approach-moving-toward-independence-through-trauma-informed-care\/\",\"url\":\"https:\/\/www.havenforhope.org\/es\/acerca-de\/our-approach-moving-toward-independence-through-trauma-informed-care\/\",\"name\":\"Nuestro enfoque hacia la independencia a trav\u00e9s de la atenci\u00f3n informada sobre el trauma\",\"isPartOf\":{\"@id\":\"https:\/\/www.havenforhope.org\/es\/#website\"},\"primaryImageOfPage\":{\"@id\":\"https:\/\/www.havenforhope.org\/es\/acerca-de\/our-approach-moving-toward-independence-through-trauma-informed-care\/#primaryimage\"},\"image\":{\"@id\":\"https:\/\/www.havenforhope.org\/es\/acerca-de\/our-approach-moving-toward-independence-through-trauma-informed-care\/#primaryimage\"},\"thumbnailUrl\":\"https:\/\/www.havenforhope.org\/wp-content\/uploads\/2019\/01\/IMG_9532-e1546462232954.jpg\",\"datePublished\":\"2018-10-11T01:27:33+00:00\",\"dateModified\":\"2022-10-27T21:42:14+00:00\",\"description\":\"Nuestros valores fundamentales. Compasi\u00f3n Radical | Mostramos respeto, amabilidad y paciencia en la forma en que hablamos, vemos y servimos. Tenemos Coraz\u00f3n.\",\"breadcrumb\":{\"@id\":\"https:\/\/www.havenforhope.org\/es\/acerca-de\/our-approach-moving-toward-independence-through-trauma-informed-care\/#breadcrumb\"},\"inLanguage\":\"es\",\"potentialAction\":[{\"@type\":\"ReadAction\",\"target\":[\"https:\/\/www.havenforhope.org\/es\/acerca-de\/our-approach-moving-toward-independence-through-trauma-informed-care\/\"]}]},{\"@type\":\"ImageObject\",\"inLanguage\":\"es\",\"@id\":\"https:\/\/www.havenforhope.org\/es\/acerca-de\/our-approach-moving-toward-independence-through-trauma-informed-care\/#primaryimage\",\"url\":\"https:\/\/www.havenforhope.org\/wp-content\/uploads\/2019\/01\/IMG_9532-e1546462232954.jpg\",\"contentUrl\":\"https:\/\/www.havenforhope.org\/wp-content\/uploads\/2019\/01\/IMG_9532-e1546462232954.jpg\",\"width\":1600,\"height\":500},{\"@type\":\"BreadcrumbList\",\"@id\":\"https:\/\/www.havenforhope.org\/es\/acerca-de\/our-approach-moving-toward-independence-through-trauma-informed-care\/#breadcrumb\",\"itemListElement\":[{\"@type\":\"ListItem\",\"position\":1,\"name\":\"Home\",\"item\":\"https:\/\/www.havenforhope.org\/es\/casa\/\"},{\"@type\":\"ListItem\",\"position\":2,\"name\":\"Acerca de\",\"item\":\"https:\/\/www.havenforhope.org\/es\/acerca-de\/\"},{\"@type\":\"ListItem\",\"position\":3,\"name\":\"Nuestro enfoque hacia la independencia a trav\u00e9s de la atenci\u00f3n informada sobre el trauma\"}]},{\"@type\":\"WebSite\",\"@id\":\"https:\/\/www.havenforhope.org\/es\/#website\",\"url\":\"https:\/\/www.havenforhope.org\/es\/\",\"name\":\"Haven For Hope\",\"description\":\"More than a Shelter, it is a Transformational Campus.\",\"publisher\":{\"@id\":\"https:\/\/www.havenforhope.org\/es\/#organization\"},\"potentialAction\":[{\"@type\":\"SearchAction\",\"target\":{\"@type\":\"EntryPoint\",\"urlTemplate\":\"https:\/\/www.havenforhope.org\/es\/?s={search_term_string}\"},\"query-input\":{\"@type\":\"PropertyValueSpecification\",\"valueRequired\":true,\"valueName\":\"search_term_string\"}}],\"inLanguage\":\"es\"},{\"@type\":\"Organization\",\"@id\":\"https:\/\/www.havenforhope.org\/es\/#organization\",\"name\":\"Haven For Hope\",\"url\":\"https:\/\/www.havenforhope.org\/es\/\",\"logo\":{\"@type\":\"ImageObject\",\"inLanguage\":\"es\",\"@id\":\"https:\/\/www.havenforhope.org\/es\/#\/schema\/logo\/image\/\",\"url\":\"https:\/\/www.havenforhope.org\/wp-content\/uploads\/2018\/10\/hope-blue.png\",\"contentUrl\":\"https:\/\/www.havenforhope.org\/wp-content\/uploads\/2018\/10\/hope-blue.png\",\"width\":797,\"height\":587,\"caption\":\"Haven For Hope\"},\"image\":{\"@id\":\"https:\/\/www.havenforhope.org\/es\/#\/schema\/logo\/image\/\"}}]}<\/script>\n<!-- \/ Yoast SEO plugin. -->","yoast_head_json":{"title":"Nuestro enfoque hacia la independencia a trav\u00e9s de la atenci\u00f3n informada sobre el trauma","description":"Nuestros valores fundamentales. Compasi\u00f3n Radical | Mostramos respeto, amabilidad y paciencia en la forma en que hablamos, vemos y servimos. Tenemos Coraz\u00f3n.","robots":{"index":"index","follow":"follow","max-snippet":"max-snippet:-1","max-image-preview":"max-image-preview:large","max-video-preview":"max-video-preview:-1"},"canonical":"https:\/\/www.havenforhope.org\/es\/acerca-de\/our-approach-moving-toward-independence-through-trauma-informed-care\/","og_locale":"es_ES","og_type":"article","og_title":"Nuestro enfoque hacia la independencia a trav\u00e9s de la atenci\u00f3n informada sobre el trauma","og_description":"Nuestros valores fundamentales. Compasi\u00f3n Radical | Mostramos respeto, amabilidad y paciencia en la forma en que hablamos, vemos y servimos. Tenemos Coraz\u00f3n.","og_url":"https:\/\/www.havenforhope.org\/es\/acerca-de\/our-approach-moving-toward-independence-through-trauma-informed-care\/","og_site_name":"Haven For Hope","article_modified_time":"2022-10-27T21:42:14+00:00","og_image":[{"width":1600,"height":500,"url":"https:\/\/www.havenforhope.org\/wp-content\/uploads\/2019\/01\/IMG_9532-e1546462232954.jpg","type":"image\/jpeg"}],"twitter_card":"summary_large_image","twitter_misc":{"Tiempo de lectura":"2 minutos"},"schema":{"@context":"https:\/\/schema.org","@graph":[{"@type":"WebPage","@id":"https:\/\/www.havenforhope.org\/es\/acerca-de\/our-approach-moving-toward-independence-through-trauma-informed-care\/","url":"https:\/\/www.havenforhope.org\/es\/acerca-de\/our-approach-moving-toward-independence-through-trauma-informed-care\/","name":"Nuestro enfoque hacia la independencia a trav\u00e9s de la atenci\u00f3n informada sobre el trauma","isPartOf":{"@id":"https:\/\/www.havenforhope.org\/es\/#website"},"primaryImageOfPage":{"@id":"https:\/\/www.havenforhope.org\/es\/acerca-de\/our-approach-moving-toward-independence-through-trauma-informed-care\/#primaryimage"},"image":{"@id":"https:\/\/www.havenforhope.org\/es\/acerca-de\/our-approach-moving-toward-independence-through-trauma-informed-care\/#primaryimage"},"thumbnailUrl":"https:\/\/www.havenforhope.org\/wp-content\/uploads\/2019\/01\/IMG_9532-e1546462232954.jpg","datePublished":"2018-10-11T01:27:33+00:00","dateModified":"2022-10-27T21:42:14+00:00","description":"Nuestros valores fundamentales. Compasi\u00f3n Radical | Mostramos respeto, amabilidad y paciencia en la forma en que hablamos, vemos y servimos. Tenemos Coraz\u00f3n.","breadcrumb":{"@id":"https:\/\/www.havenforhope.org\/es\/acerca-de\/our-approach-moving-toward-independence-through-trauma-informed-care\/#breadcrumb"},"inLanguage":"es","potentialAction":[{"@type":"ReadAction","target":["https:\/\/www.havenforhope.org\/es\/acerca-de\/our-approach-moving-toward-independence-through-trauma-informed-care\/"]}]},{"@type":"ImageObject","inLanguage":"es","@id":"https:\/\/www.havenforhope.org\/es\/acerca-de\/our-approach-moving-toward-independence-through-trauma-informed-care\/#primaryimage","url":"https:\/\/www.havenforhope.org\/wp-content\/uploads\/2019\/01\/IMG_9532-e1546462232954.jpg","contentUrl":"https:\/\/www.havenforhope.org\/wp-content\/uploads\/2019\/01\/IMG_9532-e1546462232954.jpg","width":1600,"height":500},{"@type":"BreadcrumbList","@id":"https:\/\/www.havenforhope.org\/es\/acerca-de\/our-approach-moving-toward-independence-through-trauma-informed-care\/#breadcrumb","itemListElement":[{"@type":"ListItem","position":1,"name":"Home","item":"https:\/\/www.havenforhope.org\/es\/casa\/"},{"@type":"ListItem","position":2,"name":"Acerca de","item":"https:\/\/www.havenforhope.org\/es\/acerca-de\/"},{"@type":"ListItem","position":3,"name":"Nuestro enfoque hacia la independencia a trav\u00e9s de la atenci\u00f3n informada sobre el trauma"}]},{"@type":"WebSite","@id":"https:\/\/www.havenforhope.org\/es\/#website","url":"https:\/\/www.havenforhope.org\/es\/","name":"Haven For Hope","description":"More than a Shelter, it is a Transformational Campus.","publisher":{"@id":"https:\/\/www.havenforhope.org\/es\/#organization"},"potentialAction":[{"@type":"SearchAction","target":{"@type":"EntryPoint","urlTemplate":"https:\/\/www.havenforhope.org\/es\/?s={search_term_string}"},"query-input":{"@type":"PropertyValueSpecification","valueRequired":true,"valueName":"search_term_string"}}],"inLanguage":"es"},{"@type":"Organization","@id":"https:\/\/www.havenforhope.org\/es\/#organization","name":"Haven For Hope","url":"https:\/\/www.havenforhope.org\/es\/","logo":{"@type":"ImageObject","inLanguage":"es","@id":"https:\/\/www.havenforhope.org\/es\/#\/schema\/logo\/image\/","url":"https:\/\/www.havenforhope.org\/wp-content\/uploads\/2018\/10\/hope-blue.png","contentUrl":"https:\/\/www.havenforhope.org\/wp-content\/uploads\/2018\/10\/hope-blue.png","width":797,"height":587,"caption":"Haven For Hope"},"image":{"@id":"https:\/\/www.havenforhope.org\/es\/#\/schema\/logo\/image\/"}}]}},"_links":{"self":[{"href":"https:\/\/www.havenforhope.org\/es\/wp-json\/wp\/v2\/pages\/5300","targetHints":{"allow":["GET"]}}],"collection":[{"href":"https:\/\/www.havenforhope.org\/es\/wp-json\/wp\/v2\/pages"}],"about":[{"href":"https:\/\/www.havenforhope.org\/es\/wp-json\/wp\/v2\/types\/page"}],"author":[{"embeddable":true,"href":"https:\/\/www.havenforhope.org\/es\/wp-json\/wp\/v2\/users\/25"}],"replies":[{"embeddable":true,"href":"https:\/\/www.havenforhope.org\/es\/wp-json\/wp\/v2\/comments?post=5300"}],"version-history":[{"count":0,"href":"https:\/\/www.havenforhope.org\/es\/wp-json\/wp\/v2\/pages\/5300\/revisions"}],"up":[{"embeddable":true,"href":"https:\/\/www.havenforhope.org\/es\/wp-json\/wp\/v2\/pages\/5130"}],"wp:featuredmedia":[{"embeddable":true,"href":"https:\/\/www.havenforhope.org\/es\/wp-json\/wp\/v2\/media\/4652"}],"wp:attachment":[{"href":"https:\/\/www.havenforhope.org\/es\/wp-json\/wp\/v2\/media?parent=5300"}],"curies":[{"name":"wp","href":"https:\/\/api.w.org\/{rel}","templated":true}]}}